{"id":223,"date":"2024-02-19T12:01:36","date_gmt":"2024-02-19T12:01:36","guid":{"rendered":"https:\/\/igoan.eu\/?page_id=223"},"modified":"2025-03-10T13:51:31","modified_gmt":"2025-03-10T12:51:31","slug":"ingenieria-de-la-bicicleta","status":"publish","type":"page","link":"https:\/\/igoan.eu\/en\/ingenieria-de-la-bicicleta\/","title":{"rendered":"Bicycle engineering"},"content":{"rendered":"<p><div class=\"fusion-fullwidth fullwidth-box fusion-builder-row-1 fusion-flex-container has-pattern-background has-mask-background nonhundred-percent-fullwidth non-hundred-percent-height-scrolling\" style=\"--awb-border-radius-top-left:0px;--awb-border-radius-top-right:0px;--awb-border-radius-bottom-right:0px;--awb-border-radius-bottom-left:0px;--awb-padding-bottom:0px;--awb-margin-bottom:0px;--awb-flex-wrap:wrap;\" ><div class=\"fusion-builder-row fusion-row fusion-flex-align-items-flex-start fusion-flex-content-wrap\" style=\"max-width:1248px;margin-left: calc(-4% \/ 2 );margin-right: calc(-4% \/ 2 );\"><div class=\"fusion-layout-column fusion_builder_column fusion-builder-column-0 fusion_builder_column_1_1 1_1 fusion-flex-column\" style=\"--awb-bg-size:cover;--awb-width-large:100%;--awb-margin-top-large:0px;--awb-spacing-right-large:1.92%;--awb-margin-bottom-large:0px;--awb-spacing-left-large:1.92%;--awb-width-medium:100%;--awb-order-medium:0;--awb-spacing-right-medium:1.92%;--awb-spacing-left-medium:1.92%;--awb-width-small:100%;--awb-order-small:0;--awb-spacing-right-small:1.92%;--awb-spacing-left-small:1.92%;\"><div class=\"fusion-column-wrapper fusion-column-has-shadow fusion-flex-justify-content-flex-start fusion-content-layout-column\"><div class=\"fusion-image-carousel fusion-image-carousel-auto fusion-image-carousel-1\"><div class=\"awb-carousel awb-swiper awb-swiper-carousel\" data-autoplay=\"no\" data-columns=\"1\" data-itemmargin=\"13\" data-itemwidth=\"180\" data-touchscroll=\"yes\" data-imagesize=\"auto\" style=\"--awb-columns:1;\"><div class=\"swiper-wrapper awb-image-carousel-wrapper fusion-flex-align-items-center\"><div class=\"swiper-slide\"><div class=\"fusion-carousel-item-wrapper\"><div class=\"fusion-image-wrapper hover-type-none\"><img decoding=\"async\" width=\"768\" height=\"512\" src=\"https:\/\/igoan.eu\/wp-content\/uploads\/2025\/03\/02_DSCF4295-2.jpg\" class=\"attachment-full size-full\" alt=\"\" srcset=\"https:\/\/igoan.eu\/wp-content\/uploads\/2025\/03\/02_DSCF4295-2-18x12.jpg 18w, https:\/\/igoan.eu\/wp-content\/uploads\/2025\/03\/02_DSCF4295-2-200x133.jpg 200w, https:\/\/igoan.eu\/wp-content\/uploads\/2025\/03\/02_DSCF4295-2-300x200.jpg 300w, https:\/\/igoan.eu\/wp-content\/uploads\/2025\/03\/02_DSCF4295-2-400x267.jpg 400w, https:\/\/igoan.eu\/wp-content\/uploads\/2025\/03\/02_DSCF4295-2-600x400.jpg 600w, https:\/\/igoan.eu\/wp-content\/uploads\/2025\/03\/02_DSCF4295-2.jpg 768w\" sizes=\"(max-width: 768px) 100vw, 768px\" \/><\/div><\/div><\/div><div class=\"swiper-slide\"><div class=\"fusion-carousel-item-wrapper\"><div class=\"fusion-image-wrapper hover-type-none\"><img decoding=\"async\" width=\"768\" height=\"512\" src=\"https:\/\/igoan.eu\/wp-content\/uploads\/2025\/03\/00_DSCF4402-2.jpg\" class=\"attachment-full size-full\" alt=\"\" srcset=\"https:\/\/igoan.eu\/wp-content\/uploads\/2025\/03\/00_DSCF4402-2-18x12.jpg 18w, https:\/\/igoan.eu\/wp-content\/uploads\/2025\/03\/00_DSCF4402-2-200x133.jpg 200w, https:\/\/igoan.eu\/wp-content\/uploads\/2025\/03\/00_DSCF4402-2-300x200.jpg 300w, https:\/\/igoan.eu\/wp-content\/uploads\/2025\/03\/00_DSCF4402-2-400x267.jpg 400w, https:\/\/igoan.eu\/wp-content\/uploads\/2025\/03\/00_DSCF4402-2-600x400.jpg 600w, https:\/\/igoan.eu\/wp-content\/uploads\/2025\/03\/00_DSCF4402-2.jpg 768w\" sizes=\"(max-width: 768px) 100vw, 768px\" \/><\/div><\/div><\/div><div class=\"swiper-slide\"><div class=\"fusion-carousel-item-wrapper\"><div class=\"fusion-image-wrapper hover-type-none\"><img decoding=\"async\" width=\"768\" height=\"512\" src=\"https:\/\/igoan.eu\/wp-content\/uploads\/2025\/03\/01_DSCF4230-1.jpg\" class=\"attachment-full size-full\" alt=\"\" srcset=\"https:\/\/igoan.eu\/wp-content\/uploads\/2025\/03\/01_DSCF4230-1-18x12.jpg 18w, https:\/\/igoan.eu\/wp-content\/uploads\/2025\/03\/01_DSCF4230-1-200x133.jpg 200w, https:\/\/igoan.eu\/wp-content\/uploads\/2025\/03\/01_DSCF4230-1-300x200.jpg 300w, https:\/\/igoan.eu\/wp-content\/uploads\/2025\/03\/01_DSCF4230-1-400x267.jpg 400w, https:\/\/igoan.eu\/wp-content\/uploads\/2025\/03\/01_DSCF4230-1-600x400.jpg 600w, https:\/\/igoan.eu\/wp-content\/uploads\/2025\/03\/01_DSCF4230-1.jpg 768w\" sizes=\"(max-width: 768px) 100vw, 768px\" \/><\/div><\/div><\/div><\/div><\/div><\/div><\/div><\/div><\/div><\/div><div class=\"fusion-fullwidth fullwidth-box fusion-builder-row-2 fusion-flex-container has-pattern-background has-mask-background nonhundred-percent-fullwidth non-hundred-percent-height-scrolling\" style=\"--awb-border-radius-top-left:0px;--awb-border-radius-top-right:0px;--awb-border-radius-bottom-right:0px;--awb-border-radius-bottom-left:0px;--awb-background-color:var(--awb-color1);--awb-flex-wrap:wrap;\" ><div class=\"fusion-builder-row fusion-row fusion-flex-align-items-center fusion-flex-content-wrap\" style=\"max-width:1248px;margin-left: calc(-4% \/ 2 );margin-right: calc(-4% \/ 2 );\"><div class=\"fusion-layout-column fusion_builder_column fusion-builder-column-1 fusion_builder_column_1_1 1_1 fusion-flex-column\" style=\"--awb-bg-size:cover;--awb-width-large:100%;--awb-margin-top-large:20px;--awb-spacing-right-large:1.92%;--awb-margin-bottom-large:20px;--awb-spacing-left-large:1.92%;--awb-width-medium:100%;--awb-order-medium:0;--awb-spacing-right-medium:1.92%;--awb-spacing-left-medium:1.92%;--awb-width-small:100%;--awb-order-small:0;--awb-spacing-right-small:1.92%;--awb-spacing-left-small:1.92%;\"><div class=\"fusion-column-wrapper fusion-column-has-shadow fusion-flex-justify-content-flex-start fusion-content-layout-column\"><div class=\"fusion-text fusion-text-1\" style=\"--awb-content-alignment:justify;--awb-font-size:var(--awb-typography4-font-size);--awb-line-height:var(--awb-typography4-line-height);--awb-letter-spacing:var(--awb-typography4-letter-spacing);--awb-text-transform:var(--awb-typography4-text-transform);--awb-text-font-family:var(--awb-typography4-font-family);--awb-text-font-weight:var(--awb-typography4-font-weight);--awb-text-font-style:var(--awb-typography4-font-style);\"><h2 class=\"p1\">Bicycle engineering<\/h2>\n<p>At Igoan we are concerned about people's mobility and we believe that the bicycle will be a major player in this mobility: a clean, non-polluting vehicle that empowers those who ride it and, moreover, provides unequalled pleasure and freedom.<\/p>\n<p>We have been cyclists all our lives and we are really happy to have been able to combine our passion for two wheels with our engineering profession.<\/p>\n<p>In this way, at Igoan we have been trained in bicycle engineering and we design, calculate and build bicycle frames in steel of the highest quality, totally adapted to the cyclist who is going to ride it.<\/p>\n<p>Steel is a noble, hard-wearing material that has been with mankind for countless centuries and needs no proof of its reliability.<\/p>\n<p>Furthermore, at Igoan we are carrying out a process of research and development both in the different systems that make up a bicycle and in new materials that can accompany, complement or even replace the noble steel.<\/p>\n<\/div><\/div><\/div><\/div><\/div><\/p>","protected":false},"excerpt":{"rendered":"","protected":false},"author":1,"featured_media":0,"parent":0,"menu_order":0,"comment_status":"closed","ping_status":"closed","template":"100-width.php","meta":{"footnotes":""},"yoast_head":"<!-- This site is optimized with the Yoast SEO plugin v22.7 - https:\/\/yoast.com\/wordpress\/plugins\/seo\/ -->\n<title>Ingenier\u00eda de la bicicleta - igoan.eu<\/title>\n<meta name=\"description\" content=\"En Igoan dise\u00f1amos, calculamos y construimos cuadros artesanales personalizados en acero para bicicletas, promoviendo la movilidad sostenible en Almer\u00eda con calidad y experiencia t\u00e9cnica.\" \/>\n<meta name=\"robots\" content=\"index, follow, max-snippet:-1, max-image-preview:large, max-video-preview:-1\" \/>\n<link rel=\"canonical\" href=\"https:\/\/igoan.eu\/en\/ingenieria-de-la-bicicleta\/\" \/>\n<meta property=\"og:locale\" content=\"en_GB\" \/>\n<meta property=\"og:type\" content=\"article\" \/>\n<meta property=\"og:title\" content=\"Ingenier\u00eda de la bicicleta - igoan.eu\" \/>\n<meta property=\"og:description\" content=\"En Igoan dise\u00f1amos, calculamos y construimos cuadros artesanales personalizados en acero para bicicletas, promoviendo la movilidad sostenible en Almer\u00eda con calidad y experiencia t\u00e9cnica.\" \/>\n<meta property=\"og:url\" content=\"https:\/\/igoan.eu\/en\/ingenieria-de-la-bicicleta\/\" \/>\n<meta property=\"og:site_name\" content=\"igoan.eu\" \/>\n<meta property=\"article:modified_time\" content=\"2025-03-10T12:51:31+00:00\" \/>\n<meta name=\"twitter:card\" content=\"summary_large_image\" \/>\n<meta name=\"twitter:label1\" content=\"Estimated reading time\" \/>\n\t<meta name=\"twitter:data1\" content=\"2 minutes\" \/>\n<script type=\"application\/ld+json\" class=\"yoast-schema-graph\">{\"@context\":\"https:\/\/schema.org\",\"@graph\":[{\"@type\":\"WebPage\",\"@id\":\"https:\/\/igoan.eu\/ingenieria-de-la-bicicleta\/\",\"url\":\"https:\/\/igoan.eu\/ingenieria-de-la-bicicleta\/\",\"name\":\"Ingenier\u00eda de la bicicleta - igoan.eu\",\"isPartOf\":{\"@id\":\"https:\/\/igoan.eu\/#website\"},\"datePublished\":\"2024-02-19T12:01:36+00:00\",\"dateModified\":\"2025-03-10T12:51:31+00:00\",\"description\":\"En Igoan dise\u00f1amos, calculamos y construimos cuadros artesanales personalizados en acero para bicicletas, promoviendo la movilidad sostenible en Almer\u00eda con calidad y experiencia t\u00e9cnica.\",\"breadcrumb\":{\"@id\":\"https:\/\/igoan.eu\/ingenieria-de-la-bicicleta\/#breadcrumb\"},\"inLanguage\":\"en-GB\",\"potentialAction\":[{\"@type\":\"ReadAction\",\"target\":[\"https:\/\/igoan.eu\/ingenieria-de-la-bicicleta\/\"]}]},{\"@type\":\"BreadcrumbList\",\"@id\":\"https:\/\/igoan.eu\/ingenieria-de-la-bicicleta\/#breadcrumb\",\"itemListElement\":[{\"@type\":\"ListItem\",\"position\":1,\"name\":\"Portada\",\"item\":\"https:\/\/igoan.eu\/\"},{\"@type\":\"ListItem\",\"position\":2,\"name\":\"Ingenier\u00eda de la bicicleta\"}]},{\"@type\":\"WebSite\",\"@id\":\"https:\/\/igoan.eu\/#website\",\"url\":\"https:\/\/igoan.eu\/\",\"name\":\"igoan.eu\",\"description\":\"Soluciones innovadoras en refrigeraci\u00f3n industrial, movilidad sostenible y electr\u00f3nica avanzada, con un enfoque en la eficiencia energ\u00e9tica y el software libre.\",\"publisher\":{\"@id\":\"https:\/\/igoan.eu\/#organization\"},\"alternateName\":\"Igoan Ingenier\u00eda Sostenible\",\"potentialAction\":[{\"@type\":\"SearchAction\",\"target\":{\"@type\":\"EntryPoint\",\"urlTemplate\":\"https:\/\/igoan.eu\/?s={search_term_string}\"},\"query-input\":\"required name=search_term_string\"}],\"inLanguage\":\"en-GB\"},{\"@type\":\"Organization\",\"@id\":\"https:\/\/igoan.eu\/#organization\",\"name\":\"Igoan\",\"alternateName\":\"Igoan\",\"url\":\"https:\/\/igoan.eu\/\",\"logo\":{\"@type\":\"ImageObject\",\"inLanguage\":\"en-GB\",\"@id\":\"https:\/\/igoan.eu\/#\/schema\/logo\/image\/\",\"url\":\"https:\/\/igoan.eu\/wp-content\/uploads\/2024\/01\/Captura-de-pantalla-2024-01-22-a-las-11.57.28.png\",\"contentUrl\":\"https:\/\/igoan.eu\/wp-content\/uploads\/2024\/01\/Captura-de-pantalla-2024-01-22-a-las-11.57.28.png\",\"width\":418,\"height\":150,\"caption\":\"Igoan\"},\"image\":{\"@id\":\"https:\/\/igoan.eu\/#\/schema\/logo\/image\/\"}}]}<\/script>\n<!-- \/ Yoast SEO plugin. -->","yoast_head_json":{"title":"Ingenier\u00eda de la bicicleta - igoan.eu","description":"En Igoan dise\u00f1amos, calculamos y construimos cuadros artesanales personalizados en acero para bicicletas, promoviendo la movilidad sostenible en Almer\u00eda con calidad y experiencia t\u00e9cnica.","robots":{"index":"index","follow":"follow","max-snippet":"max-snippet:-1","max-image-preview":"max-image-preview:large","max-video-preview":"max-video-preview:-1"},"canonical":"https:\/\/igoan.eu\/en\/ingenieria-de-la-bicicleta\/","og_locale":"en_GB","og_type":"article","og_title":"Ingenier\u00eda de la bicicleta - igoan.eu","og_description":"En Igoan dise\u00f1amos, calculamos y construimos cuadros artesanales personalizados en acero para bicicletas, promoviendo la movilidad sostenible en Almer\u00eda con calidad y experiencia t\u00e9cnica.","og_url":"https:\/\/igoan.eu\/en\/ingenieria-de-la-bicicleta\/","og_site_name":"igoan.eu","article_modified_time":"2025-03-10T12:51:31+00:00","twitter_card":"summary_large_image","twitter_misc":{"Estimated reading time":"2 minutes"},"schema":{"@context":"https:\/\/schema.org","@graph":[{"@type":"WebPage","@id":"https:\/\/igoan.eu\/ingenieria-de-la-bicicleta\/","url":"https:\/\/igoan.eu\/ingenieria-de-la-bicicleta\/","name":"Ingenier\u00eda de la bicicleta - igoan.eu","isPartOf":{"@id":"https:\/\/igoan.eu\/#website"},"datePublished":"2024-02-19T12:01:36+00:00","dateModified":"2025-03-10T12:51:31+00:00","description":"En Igoan dise\u00f1amos, calculamos y construimos cuadros artesanales personalizados en acero para bicicletas, promoviendo la movilidad sostenible en Almer\u00eda con calidad y experiencia t\u00e9cnica.","breadcrumb":{"@id":"https:\/\/igoan.eu\/ingenieria-de-la-bicicleta\/#breadcrumb"},"inLanguage":"en-GB","potentialAction":[{"@type":"ReadAction","target":["https:\/\/igoan.eu\/ingenieria-de-la-bicicleta\/"]}]},{"@type":"BreadcrumbList","@id":"https:\/\/igoan.eu\/ingenieria-de-la-bicicleta\/#breadcrumb","itemListElement":[{"@type":"ListItem","position":1,"name":"Portada","item":"https:\/\/igoan.eu\/"},{"@type":"ListItem","position":2,"name":"Ingenier\u00eda de la bicicleta"}]},{"@type":"WebSite","@id":"https:\/\/igoan.eu\/#website","url":"https:\/\/igoan.eu\/","name":"igoan.eu","description":"Soluciones innovadoras en refrigeraci\u00f3n industrial, movilidad sostenible y electr\u00f3nica avanzada, con un enfoque en la eficiencia energ\u00e9tica y el software libre.","publisher":{"@id":"https:\/\/igoan.eu\/#organization"},"alternateName":"Igoan Ingenier\u00eda Sostenible","potentialAction":[{"@type":"SearchAction","target":{"@type":"EntryPoint","urlTemplate":"https:\/\/igoan.eu\/?s={search_term_string}"},"query-input":"required name=search_term_string"}],"inLanguage":"en-GB"},{"@type":"Organization","@id":"https:\/\/igoan.eu\/#organization","name":"Igoan","alternateName":"Igoan","url":"https:\/\/igoan.eu\/","logo":{"@type":"ImageObject","inLanguage":"en-GB","@id":"https:\/\/igoan.eu\/#\/schema\/logo\/image\/","url":"https:\/\/igoan.eu\/wp-content\/uploads\/2024\/01\/Captura-de-pantalla-2024-01-22-a-las-11.57.28.png","contentUrl":"https:\/\/igoan.eu\/wp-content\/uploads\/2024\/01\/Captura-de-pantalla-2024-01-22-a-las-11.57.28.png","width":418,"height":150,"caption":"Igoan"},"image":{"@id":"https:\/\/igoan.eu\/#\/schema\/logo\/image\/"}}]}},"_links":{"self":[{"href":"https:\/\/igoan.eu\/en\/wp-json\/wp\/v2\/pages\/223"}],"collection":[{"href":"https:\/\/igoan.eu\/en\/wp-json\/wp\/v2\/pages"}],"about":[{"href":"https:\/\/igoan.eu\/en\/wp-json\/wp\/v2\/types\/page"}],"author":[{"embeddable":true,"href":"https:\/\/igoan.eu\/en\/wp-json\/wp\/v2\/users\/1"}],"replies":[{"embeddable":true,"href":"https:\/\/igoan.eu\/en\/wp-json\/wp\/v2\/comments?post=223"}],"version-history":[{"count":15,"href":"https:\/\/igoan.eu\/en\/wp-json\/wp\/v2\/pages\/223\/revisions"}],"predecessor-version":[{"id":717,"href":"https:\/\/igoan.eu\/en\/wp-json\/wp\/v2\/pages\/223\/revisions\/717"}],"wp:attachment":[{"href":"https:\/\/igoan.eu\/en\/wp-json\/wp\/v2\/media?parent=223"}],"curies":[{"name":"wp","href":"https:\/\/api.w.org\/{rel}","templated":true}]}}