{"id":286,"date":"2024-03-13T08:06:24","date_gmt":"2024-03-13T08:06:24","guid":{"rendered":"https:\/\/igoan.eu\/?page_id=286"},"modified":"2025-03-12T10:21:27","modified_gmt":"2025-03-12T09:21:27","slug":"diario-e","status":"publish","type":"page","link":"https:\/\/igoan.eu\/en\/diario-e\/","title":{"rendered":"e-Journal"},"content":{"rendered":"<div class=\"fusion-fullwidth fullwidth-box fusion-builder-row-1 fusion-flex-container nonhundred-percent-fullwidth non-hundred-percent-height-scrolling\" style=\"--link_hover_color: var(--awb-color5);--link_color: var(--awb-color8);--awb-border-sizes-top:0px;--awb-border-sizes-bottom:0px;--awb-border-sizes-left:0px;--awb-border-sizes-right:0px;--awb-border-radius-top-left:0px;--awb-border-radius-top-right:0px;--awb-border-radius-bottom-right:0px;--awb-border-radius-bottom-left:0px;--awb-padding-top:0px;--awb-padding-right:30px;--awb-padding-bottom:0px;--awb-padding-left:30px;--awb-padding-right-medium:80px;--awb-padding-left-medium:80px;--awb-margin-top:0px;--awb-margin-bottom:0px;--awb-background-color:var(--awb-color1);--awb-flex-wrap:wrap;\" ><div class=\"fusion-builder-row fusion-row fusion-flex-align-items-flex-start fusion-flex-content-wrap\" style=\"max-width:1248px;margin-left: calc(-4% \/ 2 );margin-right: calc(-4% \/ 2 );\"><div class=\"fusion-layout-column fusion_builder_column fusion-builder-column-0 fusion_builder_column_1_1 1_1 fusion-flex-column fusion-flex-align-self-center fusion-no-small-visibility\" style=\"--awb-padding-top:16px;--awb-padding-bottom:16px;--awb-padding-left:25px;--awb-overflow:hidden;--awb-bg-color:#3ec2b4;--awb-bg-color-hover:#3ec2b4;--awb-bg-size:cover;--awb-border-radius:0px 0px 8px 8px;--awb-width-large:100%;--awb-margin-top-large:0px;--awb-spacing-right-large:1.92%;--awb-margin-bottom-large:35px;--awb-spacing-left-large:1.92%;--awb-width-medium:60%;--awb-order-medium:0;--awb-spacing-right-medium:3.2%;--awb-spacing-left-medium:3.2%;--awb-width-small:100%;--awb-order-small:0;--awb-spacing-right-small:1.92%;--awb-spacing-left-small:1.92%;\"><div class=\"fusion-column-wrapper fusion-column-has-shadow fusion-flex-justify-content-space-between fusion-content-layout-row\"><nav class=\"awb-menu awb-menu_row awb-menu_em-click mobile-mode-collapse-to-button awb-menu_icons-left awb-menu_dc-yes mobile-trigger-fullwidth-off awb-menu_mobile-toggle awb-menu_indent-left close-on-outer-click-yes mobile-size-full-absolute loading mega-menu-loading awb-menu_desktop awb-menu_dropdown awb-menu_expand-right awb-menu_transition-slide_up\" style=\"--awb-font-size:var(--awb-typography3-font-size);--awb-line-height:var(--awb-typography3-line-height);--awb-text-transform:var(--awb-typography3-text-transform);--awb-min-height:48px;--awb-bg:var(--awb-color1);--awb-border-radius-top-left:10px;--awb-border-radius-top-right:10px;--awb-border-radius-bottom-right:10px;--awb-border-radius-bottom-left:10px;--awb-gap:8px;--awb-align-items:flex-start;--awb-justify-content:center;--awb-items-padding-top:15px;--awb-items-padding-right:24px;--awb-items-padding-bottom:15px;--awb-items-padding-left:24px;--awb-color:var(--awb-color8);--awb-letter-spacing:var(--awb-typography3-letter-spacing);--awb-active-color:var(--awb-color8);--awb-submenu-color:hsla(var(--awb-color1-h),var(--awb-color1-s),var(--awb-color1-l),calc(var(--awb-color1-a) - 23%));--awb-submenu-bg:var(--awb-color8);--awb-submenu-sep-color:hsla(var(--awb-color3-h),var(--awb-color3-s),var(--awb-color3-l),calc(var(--awb-color3-a) - 100%));--awb-submenu-border-radius-top-left:6px;--awb-submenu-border-radius-top-right:6px;--awb-submenu-border-radius-bottom-right:6px;--awb-submenu-border-radius-bottom-left:6px;--awb-submenu-active-bg:var(--awb-color8);--awb-submenu-active-color:var(--awb-color1);--awb-submenu-space:10px;--awb-submenu-text-transform:none;--awb-submenu-max-width:180px;--awb-icons-color:var(--awb-color8);--awb-icons-hover-color:var(--awb-color8);--awb-main-justify-content:flex-start;--awb-justify-title:flex-start;--awb-mobile-justify:flex-start;--awb-mobile-caret-left:auto;--awb-mobile-caret-right:0;--awb-fusion-font-family-typography:var(--awb-typography3-font-family);--awb-fusion-font-weight-typography:var(--awb-typography3-font-weight);--awb-fusion-font-style-typography:var(--awb-typography3-font-style);--awb-fusion-font-family-submenu-typography:&quot;Manrope&quot;;--awb-fusion-font-style-submenu-typography:normal;--awb-fusion-font-weight-submenu-typography:500;--awb-fusion-font-family-mobile-typography:inherit;--awb-fusion-font-style-mobile-typography:normal;--awb-fusion-font-weight-mobile-typography:400;\" aria-label=\"blog-categories\" data-breakpoint=\"0\" data-count=\"0\" data-transition-type=\"fade\" data-transition-time=\"300\" data-expand=\"right\"><ul id=\"menu-blog-categories\" class=\"fusion-menu awb-menu__main-ul awb-menu__main-ul_row\"><li  id=\"menu-item-309\"  class=\"menu-item menu-item-type-taxonomy menu-item-object-category menu-item-309 awb-menu__li awb-menu__main-li awb-menu__main-li_regular\"  data-item-id=\"309\"><span class=\"awb-menu__main-background-default awb-menu__main-background-default_fade\"><\/span><span class=\"awb-menu__main-background-active awb-menu__main-background-active_fade\"><\/span><a  href=\"https:\/\/igoan.eu\/en\/category\/historia-y-evolucion\/\" class=\"awb-menu__main-a awb-menu__main-a_regular\"><span class=\"menu-text\">History and Evolution<\/span><\/a><\/li><li  id=\"menu-item-310\"  class=\"menu-item menu-item-type-taxonomy menu-item-object-category menu-item-310 awb-menu__li awb-menu__main-li awb-menu__main-li_regular\"  data-item-id=\"310\"><span class=\"awb-menu__main-background-default awb-menu__main-background-default_fade\"><\/span><span class=\"awb-menu__main-background-active awb-menu__main-background-active_fade\"><\/span><a  href=\"https:\/\/igoan.eu\/en\/category\/sin-categoria\/\" class=\"awb-menu__main-a awb-menu__main-a_regular\"><span class=\"menu-text\">Uncategorized<\/span><\/a><\/li><li  id=\"menu-item-311\"  class=\"menu-item menu-item-type-taxonomy menu-item-object-category menu-item-311 awb-menu__li awb-menu__main-li awb-menu__main-li_regular\"  data-item-id=\"311\"><span class=\"awb-menu__main-background-default awb-menu__main-background-default_fade\"><\/span><span class=\"awb-menu__main-background-active awb-menu__main-background-active_fade\"><\/span><a  href=\"https:\/\/igoan.eu\/en\/category\/ultimas-novedades\/\" class=\"awb-menu__main-a awb-menu__main-a_regular\"><span class=\"menu-text\">Latest news<\/span><\/a><\/li><\/ul><\/nav><div class=\"fusion-search-element fusion-search-element-1 fusion-search-form-clean\" style=\"--awb-margin-right:25px;--awb-border-radius:10px;--awb-border-size-top:;--awb-border-size-right:;--awb-border-size-bottom:;--awb-border-size-left:;--awb-text-color:var(--awb-color1);--awb-border-color:var(--awb-color1);--awb-focus-border-color:var(--awb-color1);--awb-text-size:17px;--awb-bg-color:hsla(var(--awb-color1-h),var(--awb-color1-s),var(--awb-color1-l),calc(var(--awb-color1-a) - 100%));\">\t\t<form role=\"search\" class=\"searchform fusion-search-form  fusion-search-form-clean\" method=\"get\" action=\"https:\/\/igoan.eu\/en\/\" data-trp-original-action=\"https:\/\/igoan.eu\/en\/\">\n\t\t\t<div class=\"fusion-search-form-content\">\n\n\t\t\t\t\n\t\t\t\t<div class=\"fusion-search-field search-field\">\n\t\t\t\t\t<label><span class=\"screen-reader-text\">Search for:<\/span>\n\t\t\t\t\t\t\t\t\t\t\t\t\t<input type=\"search\" value=\"\" name=\"s\" class=\"s\" placeholder=\"Search...\" required aria-required=\"true\" aria-label=\"Search...\"\/>\n\t\t\t\t\t\t\t\t\t\t\t<\/label>\n\t\t\t\t<\/div>\n\t\t\t\t<div class=\"fusion-search-button search-button\">\n\t\t\t\t\t<input type=\"submit\" class=\"fusion-search-submit searchsubmit\" aria-label=\"Search\" value=\"&#xf002;\" \/>\n\t\t\t\t\t\t\t\t\t<\/div>\n\n\t\t\t\t<input type=\"hidden\" name=\"post_type[]\" value=\"post\" \/><input type=\"hidden\" name=\"search_limit_to_post_titles\" value=\"0\" \/><input type=\"hidden\" name=\"fs\" value=\"1\" \/>\n\t\t\t<\/div>\n\n\n\t\t\t\n\t\t<input type=\"hidden\" name=\"trp-form-language\" value=\"en\"\/><\/form>\n\t\t<\/div><\/div><\/div><div class=\"fusion-layout-column fusion_builder_column fusion-builder-column-1 fusion_builder_column_2_3 2_3 fusion-flex-column\" style=\"--awb-bg-size:cover;--awb-width-large:66.666666666667%;--awb-margin-top-large:0px;--awb-spacing-right-large:3.84%;--awb-margin-bottom-large:40px;--awb-spacing-left-large:2.88%;--awb-width-medium:66.666666666667%;--awb-order-medium:0;--awb-spacing-right-medium:3.84%;--awb-spacing-left-medium:2.88%;--awb-width-small:100%;--awb-order-small:0;--awb-spacing-right-small:2.56%;--awb-margin-bottom-small:0px;--awb-spacing-left-small:1.92%;\"><div class=\"fusion-column-wrapper fusion-column-has-shadow fusion-flex-justify-content-flex-start fusion-content-layout-column\"><div class=\"fusion-title title fusion-title-1 fusion-sep-none fusion-title-text fusion-title-size-div\" style=\"--awb-text-color:var(--awb-color8);--awb-margin-bottom-small:0px;--awb-font-size:var(--awb-typography2-font-size);\"><div class=\"fusion-title-heading title-heading-left title-heading-tag sm-text-align-center fusion-responsive-typography-calculated\" style=\"font-family:var(--awb-typography2-font-family);font-weight:var(--awb-typography2-font-weight);font-style:var(--awb-typography2-font-style);margin:0;font-size:1em;letter-spacing:var(--awb-typography2-letter-spacing);text-transform:var(--awb-typography2-text-transform);--fontSize:24;line-height:var(--awb-typography2-line-height);\">Latest Articles<\/div><\/div><\/div><\/div><div class=\"fusion-layout-column fusion_builder_column fusion-builder-column-2 fusion_builder_column_1_1 1_1 fusion-flex-column\" style=\"--awb-bg-size:cover;--awb-width-large:100%;--awb-margin-top-large:0px;--awb-spacing-right-large:1.92%;--awb-margin-bottom-large:0px;--awb-spacing-left-large:1.92%;--awb-width-medium:100%;--awb-order-medium:0;--awb-spacing-right-medium:1.92%;--awb-spacing-left-medium:1.92%;--awb-width-small:100%;--awb-order-small:0;--awb-spacing-right-small:1.92%;--awb-spacing-left-small:1.92%;\"><div class=\"fusion-column-wrapper fusion-column-has-shadow fusion-flex-justify-content-flex-start fusion-content-layout-column\"><div class=\"fusion-blog-shortcode fusion-blog-shortcode-1 fusion-blog-archive fusion-blog-layout-medium-alternate fusion-blog-infinite post-card\" style=\"--awb-title-font-size:var(--awb-typography2-font-size);--awb-title-line-height:var(--awb-typography2-line-height);--awb-title-letter-spacing:var(--awb-typography2-letter-spacing);--awb-title-text-transform:var(--awb-typography2-text-transform);--awb-title-font-family:var(--awb-typography2-font-family);--awb-title-font-weight:var(--awb-typography2-font-weight);--awb-title-font-style:var(--awb-typography2-font-style);\"><div class=\"fusion-posts-container fusion-posts-container-infinite fusion-posts-container-load-more fusion-blog-rollover\" data-pages=\"1\"><article id=\"blog-1-post-313\" class=\"fusion-post-medium-alternate post-313 post type-post status-publish format-standard has-post-thumbnail hentry category-ultimas-novedades\">\n<div class=\"fusion-date-and-formats\"><div class=\"fusion-date-box updated\"><span class=\"fusion-date\">13<\/span><span class=\"fusion-month-year\">03, 2024<\/span><\/div><div class=\"fusion-format-box\"><i class=\"awb-icon-pen\" aria-hidden=\"true\"><\/i><\/div><\/div>\t<style type=\"text\/css\">\n\t\t\n\t\t\n\t\t\n\t\t\n\t\t\t<\/style>\n\n\n\t\t\t<div class=\"fusion-flexslider flexslider fusion-flexslider-loading fusion-post-slideshow\" style=\"\">\n\t\t<ul class=\"slides\">\n\t\t\t\n\t\t\t\t\t\t\t\t\t\t\t\t\t\t<li><div  class=\"fusion-image-wrapper fusion-image-size-fixed\" aria-haspopup=\"true\">\n\t\t\t\t<img decoding=\"async\" width=\"320\" height=\"202\" src=\"https:\/\/igoan.eu\/wp-content\/uploads\/2024\/02\/Sample-01-320x202.png\" class=\"attachment-blog-medium size-blog-medium wp-post-image\" alt=\"\" srcset=\"https:\/\/igoan.eu\/wp-content\/uploads\/2024\/02\/Sample-01-320x202.png 320w, https:\/\/igoan.eu\/wp-content\/uploads\/2024\/02\/Sample-01-700x441.png 700w\" sizes=\"(max-width: 320px) 100vw, 320px\" \/><div class=\"fusion-rollover\">\n\t<div class=\"fusion-rollover-content\">\n\n\t\t\t\t\t\t\t\t\t\t\t\t\t\t<a class=\"fusion-rollover-link\" href=\"https:\/\/igoan.eu\/en\/optimizando-la-suspension-consejos-para-un-paseo-suave-y-controlado\/\">Optimising Suspension: Tips for a Smooth and Controlled Ride<\/a>\n\t\t\t\n\t\t\t\t\t\t\t\t\t\t\t\t\t\t\n\t\t\t\t\t\t\t\t\n\t\t\t\t\t\t\t\t\t\t\t\t\t<div class=\"fusion-rollover-sep\"><\/div>\n\t\t\t\t\n\t\t\t\t\t\t\t\t\t\t\t\t\t\t\t\t\t\t<a class=\"fusion-rollover-gallery\" href=\"https:\/\/igoan.eu\/wp-content\/uploads\/2024\/02\/Sample-01.png\" data-id=\"313\" data-rel=\"iLightbox[gallery]\" data-title=\"Sample 01\" data-caption=\"\">\n\t\t\t\t\t\tGallery\t\t\t\t\t<\/a>\n\t\t\t\t\t\t\t\t\t\t\t\t\t\t\n\t\t\n\t\t\t\t\t\t\t\t\t\t\t\t<h4 class=\"fusion-rollover-title\">\n\t\t\t\t\t<a class=\"fusion-rollover-title-link\" href=\"https:\/\/igoan.eu\/en\/optimizando-la-suspension-consejos-para-un-paseo-suave-y-controlado\/\">\n\t\t\t\t\t\tOptimising Suspension: Tips for a Smooth and Controlled Ride\t\t\t\t\t<\/a>\n\t\t\t\t<\/h4>\n\t\t\t\n\t\t\t\t\t\t\t\t\t\t<div class=\"fusion-rollover-categories\"><a href=\"https:\/\/igoan.eu\/en\/category\/ultimas-novedades\/\" rel=\"tag\">Latest news<\/a><\/div>\t\t\t\t\t\n\t\t\n\t\t\t\t\t\t<a class=\"fusion-link-wrapper\" href=\"https:\/\/igoan.eu\/en\/optimizando-la-suspension-consejos-para-un-paseo-suave-y-controlado\/\" aria-label=\"Optimising Suspension: Tips for a Smooth and Controlled Ride\"><\/a>\n\t<\/div>\n<\/div>\n<\/div>\n<\/li>\n\t\t\t\n\t\t\t\n\t\t\t\t\t\t\t\t\t\t\t\t\t\t\t\t\t\t\t\t\t\t\t\t\t\t\t\t\t\t\t\t\t\t\t\t\t\t\t\t\t\t\t\t\t\t\t\t\t\t\t\t\t\t\t\t\t\t\t\t\t\t\t\t\t\t\t\t<\/ul>\n\t<\/div>\n\t<div class=\"fusion-post-content post-content\"><h2 class=\"blog-shortcode-post-title entry-title\"><a href=\"https:\/\/igoan.eu\/en\/optimizando-la-suspension-consejos-para-un-paseo-suave-y-controlado\/\">Optimising Suspension: Tips for a Smooth and Controlled Ride<\/a><\/h2><p class=\"fusion-single-line-meta\">By <span class=\"vcard\"><span class=\"fn\"><a href=\"https:\/\/igoan.eu\/en\/author\/carlos_nav0cq3p\/\" title=\"Posts by admin\" rel=\"author\">admin<\/a><\/span><\/span><span class=\"fusion-inline-sep\">|<\/span><span class=\"updated\" style=\"display:none;\">2024-06-06T09:41:24+02:00<\/span><span>March 13, 2024<\/span><span class=\"fusion-inline-sep\">|<\/span>Categories: <a href=\"https:\/\/igoan.eu\/en\/category\/ultimas-novedades\/\" rel=\"category tag\">Latest news<\/a><span class=\"fusion-inline-sep\">|<\/span><span class=\"fusion-comments\"><a href=\"https:\/\/igoan.eu\/en\/optimizando-la-suspension-consejos-para-un-paseo-suave-y-controlado\/#respond\">0 Comments<\/a><\/span><\/p><div class=\"fusion-post-content-container\"><p> En el mundo del ciclismo, la suspensi\u00f3n juega un papel crucial en el rendimiento y la comodidad del paseo. Ajustarla correctamente puede marcar la diferencia entre una experiencia suave [...]<\/p><\/div><\/div><div class=\"fusion-clearfix\"><\/div><div class=\"fusion-meta-info\"><div class=\"fusion-alignright\"><a class=\"fusion-read-more\" href=\"https:\/\/igoan.eu\/en\/optimizando-la-suspension-consejos-para-un-paseo-suave-y-controlado\/\" aria-label=\"More on Optimizando la Suspensi\u00f3n: Consejos para un Paseo Suave y Controlado\">Read More<\/a><\/div><\/div><\/article>\n<\/div><\/div><\/div><\/div><\/div><\/div>","protected":false},"excerpt":{"rendered":"","protected":false},"author":1,"featured_media":0,"parent":0,"menu_order":0,"comment_status":"closed","ping_status":"closed","template":"100-width.php","meta":{"footnotes":""},"yoast_head":"<!-- This site is optimized with the Yoast SEO plugin v22.7 - https:\/\/yoast.com\/wordpress\/plugins\/seo\/ -->\n<title>Diario-e - igoan.eu<\/title>\n<meta name=\"description\" content=\"Explora nuestro blog con art\u00edculos sobre refrigeraci\u00f3n industrial, movilidad sostenible, software libre y electr\u00f3nica avanzada. Descubre tendencias e innovaciones tecnol\u00f3gicas con Igoan.\" \/>\n<meta name=\"robots\" content=\"index, follow, max-snippet:-1, max-image-preview:large, max-video-preview:-1\" \/>\n<link rel=\"canonical\" href=\"https:\/\/igoan.eu\/en\/diario-e\/\" \/>\n<meta property=\"og:locale\" content=\"en_GB\" \/>\n<meta property=\"og:type\" content=\"article\" \/>\n<meta property=\"og:title\" content=\"Diario-e - igoan.eu\" \/>\n<meta property=\"og:description\" content=\"Explora nuestro blog con art\u00edculos sobre refrigeraci\u00f3n industrial, movilidad sostenible, software libre y electr\u00f3nica avanzada. Descubre tendencias e innovaciones tecnol\u00f3gicas con Igoan.\" \/>\n<meta property=\"og:url\" content=\"https:\/\/igoan.eu\/en\/diario-e\/\" \/>\n<meta property=\"og:site_name\" content=\"igoan.eu\" \/>\n<meta property=\"article:modified_time\" content=\"2025-03-12T09:21:27+00:00\" \/>\n<meta name=\"twitter:card\" content=\"summary_large_image\" \/>\n<meta name=\"twitter:label1\" content=\"Estimated reading time\" \/>\n\t<meta name=\"twitter:data1\" content=\"1 minute\" \/>\n<script type=\"application\/ld+json\" class=\"yoast-schema-graph\">{\"@context\":\"https:\/\/schema.org\",\"@graph\":[{\"@type\":\"WebPage\",\"@id\":\"https:\/\/igoan.eu\/diario-e\/\",\"url\":\"https:\/\/igoan.eu\/diario-e\/\",\"name\":\"Diario-e - igoan.eu\",\"isPartOf\":{\"@id\":\"https:\/\/igoan.eu\/#website\"},\"datePublished\":\"2024-03-13T08:06:24+00:00\",\"dateModified\":\"2025-03-12T09:21:27+00:00\",\"description\":\"Explora nuestro blog con art\u00edculos sobre refrigeraci\u00f3n industrial, movilidad sostenible, software libre y electr\u00f3nica avanzada. Descubre tendencias e innovaciones tecnol\u00f3gicas con Igoan.\",\"breadcrumb\":{\"@id\":\"https:\/\/igoan.eu\/diario-e\/#breadcrumb\"},\"inLanguage\":\"en-GB\",\"potentialAction\":[{\"@type\":\"ReadAction\",\"target\":[\"https:\/\/igoan.eu\/diario-e\/\"]}]},{\"@type\":\"BreadcrumbList\",\"@id\":\"https:\/\/igoan.eu\/diario-e\/#breadcrumb\",\"itemListElement\":[{\"@type\":\"ListItem\",\"position\":1,\"name\":\"Portada\",\"item\":\"https:\/\/igoan.eu\/\"},{\"@type\":\"ListItem\",\"position\":2,\"name\":\"Diario-e\"}]},{\"@type\":\"WebSite\",\"@id\":\"https:\/\/igoan.eu\/#website\",\"url\":\"https:\/\/igoan.eu\/\",\"name\":\"igoan.eu\",\"description\":\"Soluciones innovadoras en refrigeraci\u00f3n industrial, movilidad sostenible y electr\u00f3nica avanzada, con un enfoque en la eficiencia energ\u00e9tica y el software libre.\",\"publisher\":{\"@id\":\"https:\/\/igoan.eu\/#organization\"},\"alternateName\":\"Igoan Ingenier\u00eda Sostenible\",\"potentialAction\":[{\"@type\":\"SearchAction\",\"target\":{\"@type\":\"EntryPoint\",\"urlTemplate\":\"https:\/\/igoan.eu\/?s={search_term_string}\"},\"query-input\":\"required name=search_term_string\"}],\"inLanguage\":\"en-GB\"},{\"@type\":\"Organization\",\"@id\":\"https:\/\/igoan.eu\/#organization\",\"name\":\"Igoan\",\"alternateName\":\"Igoan\",\"url\":\"https:\/\/igoan.eu\/\",\"logo\":{\"@type\":\"ImageObject\",\"inLanguage\":\"en-GB\",\"@id\":\"https:\/\/igoan.eu\/#\/schema\/logo\/image\/\",\"url\":\"https:\/\/igoan.eu\/wp-content\/uploads\/2024\/01\/Captura-de-pantalla-2024-01-22-a-las-11.57.28.png\",\"contentUrl\":\"https:\/\/igoan.eu\/wp-content\/uploads\/2024\/01\/Captura-de-pantalla-2024-01-22-a-las-11.57.28.png\",\"width\":418,\"height\":150,\"caption\":\"Igoan\"},\"image\":{\"@id\":\"https:\/\/igoan.eu\/#\/schema\/logo\/image\/\"}}]}<\/script>\n<!-- \/ Yoast SEO plugin. -->","yoast_head_json":{"title":"Diario-e - igoan.eu","description":"Explora nuestro blog con art\u00edculos sobre refrigeraci\u00f3n industrial, movilidad sostenible, software libre y electr\u00f3nica avanzada. Descubre tendencias e innovaciones tecnol\u00f3gicas con Igoan.","robots":{"index":"index","follow":"follow","max-snippet":"max-snippet:-1","max-image-preview":"max-image-preview:large","max-video-preview":"max-video-preview:-1"},"canonical":"https:\/\/igoan.eu\/en\/diario-e\/","og_locale":"en_GB","og_type":"article","og_title":"Diario-e - igoan.eu","og_description":"Explora nuestro blog con art\u00edculos sobre refrigeraci\u00f3n industrial, movilidad sostenible, software libre y electr\u00f3nica avanzada. Descubre tendencias e innovaciones tecnol\u00f3gicas con Igoan.","og_url":"https:\/\/igoan.eu\/en\/diario-e\/","og_site_name":"igoan.eu","article_modified_time":"2025-03-12T09:21:27+00:00","twitter_card":"summary_large_image","twitter_misc":{"Estimated reading time":"1 minute"},"schema":{"@context":"https:\/\/schema.org","@graph":[{"@type":"WebPage","@id":"https:\/\/igoan.eu\/diario-e\/","url":"https:\/\/igoan.eu\/diario-e\/","name":"Diario-e - igoan.eu","isPartOf":{"@id":"https:\/\/igoan.eu\/#website"},"datePublished":"2024-03-13T08:06:24+00:00","dateModified":"2025-03-12T09:21:27+00:00","description":"Explora nuestro blog con art\u00edculos sobre refrigeraci\u00f3n industrial, movilidad sostenible, software libre y electr\u00f3nica avanzada. Descubre tendencias e innovaciones tecnol\u00f3gicas con Igoan.","breadcrumb":{"@id":"https:\/\/igoan.eu\/diario-e\/#breadcrumb"},"inLanguage":"en-GB","potentialAction":[{"@type":"ReadAction","target":["https:\/\/igoan.eu\/diario-e\/"]}]},{"@type":"BreadcrumbList","@id":"https:\/\/igoan.eu\/diario-e\/#breadcrumb","itemListElement":[{"@type":"ListItem","position":1,"name":"Portada","item":"https:\/\/igoan.eu\/"},{"@type":"ListItem","position":2,"name":"Diario-e"}]},{"@type":"WebSite","@id":"https:\/\/igoan.eu\/#website","url":"https:\/\/igoan.eu\/","name":"igoan.eu","description":"Soluciones innovadoras en refrigeraci\u00f3n industrial, movilidad sostenible y electr\u00f3nica avanzada, con un enfoque en la eficiencia energ\u00e9tica y el software libre.","publisher":{"@id":"https:\/\/igoan.eu\/#organization"},"alternateName":"Igoan Ingenier\u00eda Sostenible","potentialAction":[{"@type":"SearchAction","target":{"@type":"EntryPoint","urlTemplate":"https:\/\/igoan.eu\/?s={search_term_string}"},"query-input":"required name=search_term_string"}],"inLanguage":"en-GB"},{"@type":"Organization","@id":"https:\/\/igoan.eu\/#organization","name":"Igoan","alternateName":"Igoan","url":"https:\/\/igoan.eu\/","logo":{"@type":"ImageObject","inLanguage":"en-GB","@id":"https:\/\/igoan.eu\/#\/schema\/logo\/image\/","url":"https:\/\/igoan.eu\/wp-content\/uploads\/2024\/01\/Captura-de-pantalla-2024-01-22-a-las-11.57.28.png","contentUrl":"https:\/\/igoan.eu\/wp-content\/uploads\/2024\/01\/Captura-de-pantalla-2024-01-22-a-las-11.57.28.png","width":418,"height":150,"caption":"Igoan"},"image":{"@id":"https:\/\/igoan.eu\/#\/schema\/logo\/image\/"}}]}},"_links":{"self":[{"href":"https:\/\/igoan.eu\/en\/wp-json\/wp\/v2\/pages\/286"}],"collection":[{"href":"https:\/\/igoan.eu\/en\/wp-json\/wp\/v2\/pages"}],"about":[{"href":"https:\/\/igoan.eu\/en\/wp-json\/wp\/v2\/types\/page"}],"author":[{"embeddable":true,"href":"https:\/\/igoan.eu\/en\/wp-json\/wp\/v2\/users\/1"}],"replies":[{"embeddable":true,"href":"https:\/\/igoan.eu\/en\/wp-json\/wp\/v2\/comments?post=286"}],"version-history":[{"count":20,"href":"https:\/\/igoan.eu\/en\/wp-json\/wp\/v2\/pages\/286\/revisions"}],"predecessor-version":[{"id":707,"href":"https:\/\/igoan.eu\/en\/wp-json\/wp\/v2\/pages\/286\/revisions\/707"}],"wp:attachment":[{"href":"https:\/\/igoan.eu\/en\/wp-json\/wp\/v2\/media?parent=286"}],"curies":[{"name":"wp","href":"https:\/\/api.w.org\/{rel}","templated":true}]}}