{"id":325,"date":"2024-03-13T10:35:24","date_gmt":"2024-03-13T10:35:24","guid":{"rendered":"https:\/\/igoan.eu\/?page_id=325"},"modified":"2025-03-12T10:50:22","modified_gmt":"2025-03-12T09:50:22","slug":"cuadros-artesanales","status":"publish","type":"page","link":"https:\/\/igoan.eu\/en\/ingenieria-de-la-bicicleta\/cuadros-artesanales\/","title":{"rendered":"Handmade frames"},"content":{"rendered":"<p><div class=\"fusion-fullwidth fullwidth-box fusion-builder-row-1 fusion-flex-container has-pattern-background has-mask-background nonhundred-percent-fullwidth non-hundred-percent-height-scrolling\" style=\"--awb-border-radius-top-left:0px;--awb-border-radius-top-right:0px;--awb-border-radius-bottom-right:0px;--awb-border-radius-bottom-left:0px;--awb-background-color:var(--awb-color1);--awb-flex-wrap:wrap;\" ><div class=\"fusion-builder-row fusion-row fusion-flex-align-items-center fusion-flex-content-wrap\" style=\"max-width:1248px;margin-left: calc(-4% \/ 2 );margin-right: calc(-4% \/ 2 );\"><div class=\"fusion-layout-column fusion_builder_column fusion-builder-column-0 fusion_builder_column_1_2 1_2 fusion-flex-column\" style=\"--awb-bg-size:cover;--awb-width-large:50%;--awb-margin-top-large:20px;--awb-spacing-right-large:3.84%;--awb-margin-bottom-large:20px;--awb-spacing-left-large:3.84%;--awb-width-medium:50%;--awb-order-medium:0;--awb-spacing-right-medium:3.84%;--awb-spacing-left-medium:3.84%;--awb-width-small:100%;--awb-order-small:0;--awb-spacing-right-small:1.92%;--awb-spacing-left-small:1.92%;\"><div class=\"fusion-column-wrapper fusion-column-has-shadow fusion-flex-justify-content-flex-start fusion-content-layout-column\"><div class=\"fusion-text fusion-text-1\" style=\"--awb-font-size:var(--awb-typography4-font-size);--awb-line-height:var(--awb-typography4-line-height);--awb-letter-spacing:var(--awb-typography4-letter-spacing);--awb-text-transform:var(--awb-typography4-text-transform);--awb-text-font-family:var(--awb-typography4-font-family);--awb-text-font-weight:var(--awb-typography4-font-weight);--awb-text-font-style:var(--awb-typography4-font-style);\"><p>Handmade.<\/p>\n<p>Bikes to ride, to enjoy, to last.<\/p>\n<p>Handmade paintings, with love, with precision, seeking to learn and improve in each one of them and adapting to the needs of the client in each one of them.<\/p>\n<p>Steel as the main material but open to the possibility of using other materials such as aluminium, titanium or even wood.<\/p>\n<p>This practice also allows us to make specific frames for tests with transmission systems, specific designs and new materials.<\/p>\n<p>What if you want something out of the ordinary? Has the biomechanist told you that your measurements fall between two sizes?<\/p>\n<p>A handcrafted and custom-made bike is the solution in these cases: special bikes for travelling, with special geometries to alleviate injuries, to look for a special comfort... if you go out of the standard, there is only one way: the specific handmade work.<\/p>\n<p>The work of engineering: calculating and designing for specific cases or uncommon problems, applied solutions.<\/p>\n<p><span style=\"color: #fc6d0a;\"><a href=\"https:\/\/igoan.eu\/en\/contacto\/\">Request your free quote<\/a><\/span><\/p>\n<\/div><\/div><\/div><div class=\"fusion-layout-column fusion_builder_column fusion-builder-column-1 fusion_builder_column_1_2 1_2 fusion-flex-column\" style=\"--awb-bg-size:cover;--awb-width-large:50%;--awb-margin-top-large:0px;--awb-spacing-right-large:3.84%;--awb-margin-bottom-large:0px;--awb-spacing-left-large:3.84%;--awb-width-medium:50%;--awb-order-medium:0;--awb-spacing-right-medium:3.84%;--awb-spacing-left-medium:3.84%;--awb-width-small:100%;--awb-order-small:0;--awb-spacing-right-small:1.92%;--awb-spacing-left-small:1.92%;\"><div class=\"fusion-column-wrapper fusion-column-has-shadow fusion-flex-justify-content-flex-start fusion-content-layout-column\"><div class=\"fusion-image-element\" style=\"--awb-caption-title-font-family:var(--h2_typography-font-family);--awb-caption-title-font-weight:var(--h2_typography-font-weight);--awb-caption-title-font-style:var(--h2_typography-font-style);--awb-caption-title-size:var(--h2_typography-font-size);--awb-caption-title-transform:var(--h2_typography-text-transform);--awb-caption-title-line-height:var(--h2_typography-line-height);--awb-caption-title-letter-spacing:var(--h2_typography-letter-spacing);\"><span class=\"fusion-imageframe imageframe-none imageframe-1 hover-type-none\"><img decoding=\"async\" width=\"1280\" height=\"720\" src=\"https:\/\/igoan.eu\/wp-content\/uploads\/2025\/03\/photo_2023-02-23_22-16-05.jpg\" alt class=\"img-responsive wp-image-733\" srcset=\"https:\/\/igoan.eu\/wp-content\/uploads\/2025\/03\/photo_2023-02-23_22-16-05-200x113.jpg 200w, https:\/\/igoan.eu\/wp-content\/uploads\/2025\/03\/photo_2023-02-23_22-16-05-400x225.jpg 400w, https:\/\/igoan.eu\/wp-content\/uploads\/2025\/03\/photo_2023-02-23_22-16-05-600x338.jpg 600w, https:\/\/igoan.eu\/wp-content\/uploads\/2025\/03\/photo_2023-02-23_22-16-05-800x450.jpg 800w, https:\/\/igoan.eu\/wp-content\/uploads\/2025\/03\/photo_2023-02-23_22-16-05-1200x675.jpg 1200w, https:\/\/igoan.eu\/wp-content\/uploads\/2025\/03\/photo_2023-02-23_22-16-05.jpg 1280w\" sizes=\"(max-width: 640px) 100vw, 600px\" \/><\/span><\/div><\/div><\/div><\/div><\/div><div class=\"fusion-fullwidth fullwidth-box fusion-builder-row-2 fusion-flex-container has-pattern-background has-mask-background nonhundred-percent-fullwidth non-hundred-percent-height-scrolling\" style=\"--awb-border-radius-top-left:0px;--awb-border-radius-top-right:0px;--awb-border-radius-bottom-right:0px;--awb-border-radius-bottom-left:0px;--awb-flex-wrap:wrap;\" ><div class=\"fusion-builder-row fusion-row fusion-flex-align-items-flex-start fusion-flex-content-wrap\" style=\"max-width:1248px;margin-left: calc(-4% \/ 2 );margin-right: calc(-4% \/ 2 );\"><div class=\"fusion-layout-column fusion_builder_column fusion-builder-column-2 fusion_builder_column_1_1 1_1 fusion-flex-column\" style=\"--awb-bg-size:cover;--awb-width-large:100%;--awb-margin-top-large:0px;--awb-spacing-right-large:1.92%;--awb-margin-bottom-large:20px;--awb-spacing-left-large:1.92%;--awb-width-medium:100%;--awb-order-medium:0;--awb-spacing-right-medium:1.92%;--awb-spacing-left-medium:1.92%;--awb-width-small:100%;--awb-order-small:0;--awb-spacing-right-small:1.92%;--awb-spacing-left-small:1.92%;\"><div class=\"fusion-column-wrapper fusion-column-has-shadow fusion-flex-justify-content-flex-start fusion-content-layout-column\"><div class=\"fusion-image-carousel fusion-image-carousel-auto fusion-image-carousel-1 lightbox-enabled fusion-carousel-border\"><div class=\"awb-carousel awb-swiper awb-swiper-carousel\" data-autoplay=\"yes\" data-columns=\"2\" data-itemmargin=\"0\" data-itemwidth=\"180\" data-touchscroll=\"yes\" data-imagesize=\"auto\" style=\"--awb-columns:2;--awb-column-spacing:0px;\"><div class=\"swiper-wrapper awb-image-carousel-wrapper fusion-flex-align-items-center\"><div class=\"swiper-slide\"><div class=\"fusion-carousel-item-wrapper\"><div class=\"fusion-image-wrapper hover-type-liftup\"><img decoding=\"async\" width=\"341\" height=\"512\" src=\"https:\/\/igoan.eu\/wp-content\/uploads\/2025\/03\/DSCF4393.jpg\" class=\"attachment-full size-full\" alt=\"\" srcset=\"https:\/\/igoan.eu\/wp-content\/uploads\/2025\/03\/DSCF4393-200x300.jpg 200w, https:\/\/igoan.eu\/wp-content\/uploads\/2025\/03\/DSCF4393.jpg 341w\" sizes=\"(min-width: 2200px) 100vw, (min-width: 712px) 600px, (min-width: 640px) 712px, \" \/><\/div><\/div><\/div><div class=\"swiper-slide\"><div class=\"fusion-carousel-item-wrapper\"><div class=\"fusion-image-wrapper hover-type-liftup\"><img decoding=\"async\" width=\"768\" height=\"512\" src=\"https:\/\/igoan.eu\/wp-content\/uploads\/2025\/03\/DSCF4358.jpg\" class=\"attachment-full size-full\" alt=\"\" srcset=\"https:\/\/igoan.eu\/wp-content\/uploads\/2025\/03\/DSCF4358-200x133.jpg 200w, https:\/\/igoan.eu\/wp-content\/uploads\/2025\/03\/DSCF4358-400x267.jpg 400w, https:\/\/igoan.eu\/wp-content\/uploads\/2025\/03\/DSCF4358-600x400.jpg 600w, https:\/\/igoan.eu\/wp-content\/uploads\/2025\/03\/DSCF4358.jpg 768w\" sizes=\"(min-width: 2200px) 100vw, (min-width: 712px) 600px, (min-width: 640px) 712px, \" \/><\/div><\/div><\/div><div class=\"swiper-slide\"><div class=\"fusion-carousel-item-wrapper\"><div class=\"fusion-image-wrapper hover-type-liftup\"><img decoding=\"async\" width=\"768\" height=\"512\" src=\"https:\/\/igoan.eu\/wp-content\/uploads\/2025\/03\/DSCF4252.jpg\" class=\"attachment-full size-full\" alt=\"\" srcset=\"https:\/\/igoan.eu\/wp-content\/uploads\/2025\/03\/DSCF4252-200x133.jpg 200w, https:\/\/igoan.eu\/wp-content\/uploads\/2025\/03\/DSCF4252-400x267.jpg 400w, https:\/\/igoan.eu\/wp-content\/uploads\/2025\/03\/DSCF4252-600x400.jpg 600w, https:\/\/igoan.eu\/wp-content\/uploads\/2025\/03\/DSCF4252.jpg 768w\" sizes=\"(min-width: 2200px) 100vw, (min-width: 712px) 600px, (min-width: 640px) 712px, \" \/><\/div><\/div><\/div><div class=\"swiper-slide\"><div class=\"fusion-carousel-item-wrapper\"><div class=\"fusion-image-wrapper hover-type-liftup\"><img decoding=\"async\" width=\"768\" height=\"512\" src=\"https:\/\/igoan.eu\/wp-content\/uploads\/2025\/03\/DSCF4230.jpg\" class=\"attachment-full size-full\" alt=\"\" srcset=\"https:\/\/igoan.eu\/wp-content\/uploads\/2025\/03\/DSCF4230-200x133.jpg 200w, https:\/\/igoan.eu\/wp-content\/uploads\/2025\/03\/DSCF4230-400x267.jpg 400w, https:\/\/igoan.eu\/wp-content\/uploads\/2025\/03\/DSCF4230-600x400.jpg 600w, https:\/\/igoan.eu\/wp-content\/uploads\/2025\/03\/DSCF4230.jpg 768w\" sizes=\"(min-width: 2200px) 100vw, (min-width: 712px) 600px, (min-width: 640px) 712px, \" \/><\/div><\/div><\/div><\/div><div class=\"awb-swiper-button awb-swiper-button-prev\"><i class=\"awb-icon-angle-left\" aria-hidden=\"true\"><\/i><\/div><div class=\"awb-swiper-button awb-swiper-button-next\"><i class=\"awb-icon-angle-right\" aria-hidden=\"true\"><\/i><\/div><\/div><\/div><\/div><\/div><\/div><\/div><\/p>","protected":false},"excerpt":{"rendered":"","protected":false},"author":1,"featured_media":0,"parent":223,"menu_order":0,"comment_status":"closed","ping_status":"closed","template":"100-width.php","meta":{"footnotes":""},"yoast_head":"<!-- This site is optimized with the Yoast SEO plugin v22.7 - https:\/\/yoast.com\/wordpress\/plugins\/seo\/ -->\n<title>Cuadros artesanales - igoan.eu<\/title>\n<meta name=\"description\" content=\"Descubre cuadros artesanales en acero para bicicletas dise\u00f1ados a medida. Adaptados a tus necesidades, duraderos y \u00fanicos. Ingenier\u00eda aplicada y materiales de alta calidad.\" \/>\n<meta name=\"robots\" content=\"index, follow, max-snippet:-1, max-image-preview:large, max-video-preview:-1\" \/>\n<link rel=\"canonical\" href=\"https:\/\/igoan.eu\/en\/ingenieria-de-la-bicicleta\/cuadros-artesanales\/\" \/>\n<meta property=\"og:locale\" content=\"en_GB\" \/>\n<meta property=\"og:type\" content=\"article\" \/>\n<meta property=\"og:title\" content=\"Cuadros artesanales - igoan.eu\" \/>\n<meta property=\"og:description\" content=\"Descubre cuadros artesanales en acero para bicicletas dise\u00f1ados a medida. Adaptados a tus necesidades, duraderos y \u00fanicos. Ingenier\u00eda aplicada y materiales de alta calidad.\" \/>\n<meta property=\"og:url\" content=\"https:\/\/igoan.eu\/en\/ingenieria-de-la-bicicleta\/cuadros-artesanales\/\" \/>\n<meta property=\"og:site_name\" content=\"igoan.eu\" \/>\n<meta property=\"article:modified_time\" content=\"2025-03-12T09:50:22+00:00\" \/>\n<meta name=\"twitter:card\" content=\"summary_large_image\" \/>\n<meta name=\"twitter:label1\" content=\"Estimated reading time\" \/>\n\t<meta name=\"twitter:data1\" content=\"2 minutes\" \/>\n<script type=\"application\/ld+json\" class=\"yoast-schema-graph\">{\"@context\":\"https:\/\/schema.org\",\"@graph\":[{\"@type\":\"WebPage\",\"@id\":\"https:\/\/igoan.eu\/ingenieria-de-la-bicicleta\/cuadros-artesanales\/\",\"url\":\"https:\/\/igoan.eu\/ingenieria-de-la-bicicleta\/cuadros-artesanales\/\",\"name\":\"Cuadros artesanales - igoan.eu\",\"isPartOf\":{\"@id\":\"https:\/\/igoan.eu\/#website\"},\"datePublished\":\"2024-03-13T10:35:24+00:00\",\"dateModified\":\"2025-03-12T09:50:22+00:00\",\"description\":\"Descubre cuadros artesanales en acero para bicicletas dise\u00f1ados a medida. Adaptados a tus necesidades, duraderos y \u00fanicos. Ingenier\u00eda aplicada y materiales de alta calidad.\",\"breadcrumb\":{\"@id\":\"https:\/\/igoan.eu\/ingenieria-de-la-bicicleta\/cuadros-artesanales\/#breadcrumb\"},\"inLanguage\":\"en-GB\",\"potentialAction\":[{\"@type\":\"ReadAction\",\"target\":[\"https:\/\/igoan.eu\/ingenieria-de-la-bicicleta\/cuadros-artesanales\/\"]}]},{\"@type\":\"BreadcrumbList\",\"@id\":\"https:\/\/igoan.eu\/ingenieria-de-la-bicicleta\/cuadros-artesanales\/#breadcrumb\",\"itemListElement\":[{\"@type\":\"ListItem\",\"position\":1,\"name\":\"Portada\",\"item\":\"https:\/\/igoan.eu\/\"},{\"@type\":\"ListItem\",\"position\":2,\"name\":\"Ingenier\u00eda de la bicicleta\",\"item\":\"https:\/\/igoan.eu\/ingenieria-de-la-bicicleta\/\"},{\"@type\":\"ListItem\",\"position\":3,\"name\":\"Cuadros artesanales\"}]},{\"@type\":\"WebSite\",\"@id\":\"https:\/\/igoan.eu\/#website\",\"url\":\"https:\/\/igoan.eu\/\",\"name\":\"igoan.eu\",\"description\":\"Soluciones innovadoras en refrigeraci\u00f3n industrial, movilidad sostenible y electr\u00f3nica avanzada, con un enfoque en la eficiencia energ\u00e9tica y el software libre.\",\"publisher\":{\"@id\":\"https:\/\/igoan.eu\/#organization\"},\"alternateName\":\"Igoan Ingenier\u00eda Sostenible\",\"potentialAction\":[{\"@type\":\"SearchAction\",\"target\":{\"@type\":\"EntryPoint\",\"urlTemplate\":\"https:\/\/igoan.eu\/?s={search_term_string}\"},\"query-input\":\"required name=search_term_string\"}],\"inLanguage\":\"en-GB\"},{\"@type\":\"Organization\",\"@id\":\"https:\/\/igoan.eu\/#organization\",\"name\":\"Igoan\",\"alternateName\":\"Igoan\",\"url\":\"https:\/\/igoan.eu\/\",\"logo\":{\"@type\":\"ImageObject\",\"inLanguage\":\"en-GB\",\"@id\":\"https:\/\/igoan.eu\/#\/schema\/logo\/image\/\",\"url\":\"https:\/\/igoan.eu\/wp-content\/uploads\/2024\/01\/Captura-de-pantalla-2024-01-22-a-las-11.57.28.png\",\"contentUrl\":\"https:\/\/igoan.eu\/wp-content\/uploads\/2024\/01\/Captura-de-pantalla-2024-01-22-a-las-11.57.28.png\",\"width\":418,\"height\":150,\"caption\":\"Igoan\"},\"image\":{\"@id\":\"https:\/\/igoan.eu\/#\/schema\/logo\/image\/\"}}]}<\/script>\n<!-- \/ Yoast SEO plugin. -->","yoast_head_json":{"title":"Cuadros artesanales - igoan.eu","description":"Descubre cuadros artesanales en acero para bicicletas dise\u00f1ados a medida. Adaptados a tus necesidades, duraderos y \u00fanicos. Ingenier\u00eda aplicada y materiales de alta calidad.","robots":{"index":"index","follow":"follow","max-snippet":"max-snippet:-1","max-image-preview":"max-image-preview:large","max-video-preview":"max-video-preview:-1"},"canonical":"https:\/\/igoan.eu\/en\/ingenieria-de-la-bicicleta\/cuadros-artesanales\/","og_locale":"en_GB","og_type":"article","og_title":"Cuadros artesanales - igoan.eu","og_description":"Descubre cuadros artesanales en acero para bicicletas dise\u00f1ados a medida. Adaptados a tus necesidades, duraderos y \u00fanicos. Ingenier\u00eda aplicada y materiales de alta calidad.","og_url":"https:\/\/igoan.eu\/en\/ingenieria-de-la-bicicleta\/cuadros-artesanales\/","og_site_name":"igoan.eu","article_modified_time":"2025-03-12T09:50:22+00:00","twitter_card":"summary_large_image","twitter_misc":{"Estimated reading time":"2 minutes"},"schema":{"@context":"https:\/\/schema.org","@graph":[{"@type":"WebPage","@id":"https:\/\/igoan.eu\/ingenieria-de-la-bicicleta\/cuadros-artesanales\/","url":"https:\/\/igoan.eu\/ingenieria-de-la-bicicleta\/cuadros-artesanales\/","name":"Cuadros artesanales - igoan.eu","isPartOf":{"@id":"https:\/\/igoan.eu\/#website"},"datePublished":"2024-03-13T10:35:24+00:00","dateModified":"2025-03-12T09:50:22+00:00","description":"Descubre cuadros artesanales en acero para bicicletas dise\u00f1ados a medida. Adaptados a tus necesidades, duraderos y \u00fanicos. Ingenier\u00eda aplicada y materiales de alta calidad.","breadcrumb":{"@id":"https:\/\/igoan.eu\/ingenieria-de-la-bicicleta\/cuadros-artesanales\/#breadcrumb"},"inLanguage":"en-GB","potentialAction":[{"@type":"ReadAction","target":["https:\/\/igoan.eu\/ingenieria-de-la-bicicleta\/cuadros-artesanales\/"]}]},{"@type":"BreadcrumbList","@id":"https:\/\/igoan.eu\/ingenieria-de-la-bicicleta\/cuadros-artesanales\/#breadcrumb","itemListElement":[{"@type":"ListItem","position":1,"name":"Portada","item":"https:\/\/igoan.eu\/"},{"@type":"ListItem","position":2,"name":"Ingenier\u00eda de la bicicleta","item":"https:\/\/igoan.eu\/ingenieria-de-la-bicicleta\/"},{"@type":"ListItem","position":3,"name":"Cuadros artesanales"}]},{"@type":"WebSite","@id":"https:\/\/igoan.eu\/#website","url":"https:\/\/igoan.eu\/","name":"igoan.eu","description":"Soluciones innovadoras en refrigeraci\u00f3n industrial, movilidad sostenible y electr\u00f3nica avanzada, con un enfoque en la eficiencia energ\u00e9tica y el software libre.","publisher":{"@id":"https:\/\/igoan.eu\/#organization"},"alternateName":"Igoan Ingenier\u00eda Sostenible","potentialAction":[{"@type":"SearchAction","target":{"@type":"EntryPoint","urlTemplate":"https:\/\/igoan.eu\/?s={search_term_string}"},"query-input":"required name=search_term_string"}],"inLanguage":"en-GB"},{"@type":"Organization","@id":"https:\/\/igoan.eu\/#organization","name":"Igoan","alternateName":"Igoan","url":"https:\/\/igoan.eu\/","logo":{"@type":"ImageObject","inLanguage":"en-GB","@id":"https:\/\/igoan.eu\/#\/schema\/logo\/image\/","url":"https:\/\/igoan.eu\/wp-content\/uploads\/2024\/01\/Captura-de-pantalla-2024-01-22-a-las-11.57.28.png","contentUrl":"https:\/\/igoan.eu\/wp-content\/uploads\/2024\/01\/Captura-de-pantalla-2024-01-22-a-las-11.57.28.png","width":418,"height":150,"caption":"Igoan"},"image":{"@id":"https:\/\/igoan.eu\/#\/schema\/logo\/image\/"}}]}},"_links":{"self":[{"href":"https:\/\/igoan.eu\/en\/wp-json\/wp\/v2\/pages\/325"}],"collection":[{"href":"https:\/\/igoan.eu\/en\/wp-json\/wp\/v2\/pages"}],"about":[{"href":"https:\/\/igoan.eu\/en\/wp-json\/wp\/v2\/types\/page"}],"author":[{"embeddable":true,"href":"https:\/\/igoan.eu\/en\/wp-json\/wp\/v2\/users\/1"}],"replies":[{"embeddable":true,"href":"https:\/\/igoan.eu\/en\/wp-json\/wp\/v2\/comments?post=325"}],"version-history":[{"count":19,"href":"https:\/\/igoan.eu\/en\/wp-json\/wp\/v2\/pages\/325\/revisions"}],"predecessor-version":[{"id":734,"href":"https:\/\/igoan.eu\/en\/wp-json\/wp\/v2\/pages\/325\/revisions\/734"}],"up":[{"embeddable":true,"href":"https:\/\/igoan.eu\/en\/wp-json\/wp\/v2\/pages\/223"}],"wp:attachment":[{"href":"https:\/\/igoan.eu\/en\/wp-json\/wp\/v2\/media?parent=325"}],"curies":[{"name":"wp","href":"https:\/\/api.w.org\/{rel}","templated":true}]}}