{"id":327,"date":"2024-03-13T10:35:46","date_gmt":"2024-03-13T10:35:46","guid":{"rendered":"https:\/\/igoan.eu\/?page_id=327"},"modified":"2025-03-18T18:28:52","modified_gmt":"2025-03-18T17:28:52","slug":"proceso-de-fabricacion","status":"publish","type":"page","link":"https:\/\/igoan.eu\/en\/ingenieria-de-la-bicicleta\/proceso-de-fabricacion\/","title":{"rendered":"Manufacturing process"},"content":{"rendered":"<p><div class=\"fusion-fullwidth fullwidth-box fusion-builder-row-1 fusion-flex-container has-pattern-background has-mask-background nonhundred-percent-fullwidth non-hundred-percent-height-scrolling\" style=\"--awb-border-radius-top-left:0px;--awb-border-radius-top-right:0px;--awb-border-radius-bottom-right:0px;--awb-border-radius-bottom-left:0px;--awb-flex-wrap:wrap;\" ><div class=\"fusion-builder-row fusion-row fusion-flex-align-items-flex-start fusion-flex-content-wrap\" style=\"max-width:1248px;margin-left: calc(-4% \/ 2 );margin-right: calc(-4% \/ 2 );\"><div class=\"fusion-layout-column fusion_builder_column fusion-builder-column-0 fusion_builder_column_1_1 1_1 fusion-flex-column\" style=\"--awb-bg-size:cover;--awb-width-large:100%;--awb-margin-top-large:0px;--awb-spacing-right-large:1.92%;--awb-margin-bottom-large:20px;--awb-spacing-left-large:1.92%;--awb-width-medium:100%;--awb-order-medium:0;--awb-spacing-right-medium:1.92%;--awb-spacing-left-medium:1.92%;--awb-width-small:100%;--awb-order-small:0;--awb-spacing-right-small:1.92%;--awb-spacing-left-small:1.92%;\"><div class=\"fusion-column-wrapper fusion-column-has-shadow fusion-flex-justify-content-flex-start fusion-content-layout-column\"><div class=\"fusion-image-element\" style=\"--awb-aspect-ratio:21 \/ 9;--awb-caption-title-font-family:var(--h2_typography-font-family);--awb-caption-title-font-weight:var(--h2_typography-font-weight);--awb-caption-title-font-style:var(--h2_typography-font-style);--awb-caption-title-size:var(--h2_typography-font-size);--awb-caption-title-transform:var(--h2_typography-text-transform);--awb-caption-title-line-height:var(--h2_typography-line-height);--awb-caption-title-letter-spacing:var(--h2_typography-letter-spacing);\"><span class=\"fusion-imageframe imageframe-none imageframe-1 hover-type-none has-aspect-ratio\"><img decoding=\"async\" width=\"1280\" height=\"720\" title=\"photo_2023-02-21_19-06-10\" src=\"https:\/\/igoan.eu\/wp-content\/uploads\/2024\/03\/photo_2023-02-21_19-06-10.jpg\" class=\"img-responsive wp-image-341 img-with-aspect-ratio\" alt srcset=\"https:\/\/igoan.eu\/wp-content\/uploads\/2024\/03\/photo_2023-02-21_19-06-10-200x113.jpg 200w, https:\/\/igoan.eu\/wp-content\/uploads\/2024\/03\/photo_2023-02-21_19-06-10-400x225.jpg 400w, https:\/\/igoan.eu\/wp-content\/uploads\/2024\/03\/photo_2023-02-21_19-06-10-600x338.jpg 600w, https:\/\/igoan.eu\/wp-content\/uploads\/2024\/03\/photo_2023-02-21_19-06-10-800x450.jpg 800w, https:\/\/igoan.eu\/wp-content\/uploads\/2024\/03\/photo_2023-02-21_19-06-10-1200x675.jpg 1200w, https:\/\/igoan.eu\/wp-content\/uploads\/2024\/03\/photo_2023-02-21_19-06-10.jpg 1280w\" sizes=\"(max-width: 640px) 100vw, 1200px\" \/><\/span><\/div><\/div><\/div><\/div><\/div><div class=\"fusion-fullwidth fullwidth-box fusion-builder-row-2 fusion-flex-container has-pattern-background has-mask-background nonhundred-percent-fullwidth non-hundred-percent-height-scrolling\" style=\"--awb-border-radius-top-left:0px;--awb-border-radius-top-right:0px;--awb-border-radius-bottom-right:0px;--awb-border-radius-bottom-left:0px;--awb-background-color:var(--awb-color1);--awb-flex-wrap:wrap;\" ><div class=\"fusion-builder-row fusion-row fusion-flex-align-items-center fusion-flex-content-wrap\" style=\"max-width:1248px;margin-left: calc(-4% \/ 2 );margin-right: calc(-4% \/ 2 );\"><div class=\"fusion-layout-column fusion_builder_column fusion-builder-column-1 fusion_builder_column_2_3 2_3 fusion-flex-column\" style=\"--awb-bg-size:cover;--awb-width-large:66.666666666667%;--awb-margin-top-large:0px;--awb-spacing-right-large:2.88%;--awb-margin-bottom-large:20px;--awb-spacing-left-large:2.88%;--awb-width-medium:66.666666666667%;--awb-order-medium:0;--awb-spacing-right-medium:2.88%;--awb-spacing-left-medium:2.88%;--awb-width-small:100%;--awb-order-small:0;--awb-spacing-right-small:1.92%;--awb-spacing-left-small:1.92%;\"><div class=\"fusion-column-wrapper fusion-column-has-shadow fusion-flex-justify-content-flex-start fusion-content-layout-column\"><div class=\"fusion-text fusion-text-1\" style=\"--awb-font-size:var(--awb-typography4-font-size);--awb-line-height:var(--awb-typography4-line-height);--awb-letter-spacing:var(--awb-typography4-letter-spacing);--awb-text-transform:var(--awb-typography4-text-transform);--awb-text-font-family:var(--awb-typography4-font-family);--awb-text-font-weight:var(--awb-typography4-font-weight);--awb-text-font-style:var(--awb-typography4-font-style);\"><p>The frame is built entirely by hand in our workshop.<\/p>\n<p>The process starts with a conversation with each other, asking about the special need or the objective that is being pursued. Asking questions, exchanging opinions, finding out why until we are clear about what we want.<\/p>\n<p>From there, we jump to the design: the components are selected and, with them, the key points to start the frame design are put in place. Geometry calculation, rider parameters, tubing selection... everything is incorporated into the development.<\/p>\n<p>Once we have the design finished, the hands part begins:<br \/>\nSaw, file and torch.<\/p>\n<p>After drawing up the plans and starting to cut the tubing and shape the frame, the welding process begins, a vital part of the frame construction, because if it is not done well, the frame will come out with stresses that can make the bike uncontrollable.<\/p>\n<p>All our frames are checked for alignment, the alignment must be as close to perfect as possible and a certificate will be issued with the real values of the frame.<\/p>\n<p>With the frame welded, the alignment will be checked once more and the welds will be polished to make it look flawless and impressive.<\/p>\n<p>After that, all that remains is the painting process. You can provide your own design or we will do it for you, as we have relationships with great designers who will make each painting a work of art.<\/p>\n<p>Tras eso, el cuadro estar\u00e1 listo para montar, lo que podr\u00e1s hacer con tu mec\u00e1nico de confianza o dejarnos aconsejarte un mec\u00e1nico de la nuestra.<\/p>\n<\/div><\/div><\/div><div class=\"fusion-layout-column fusion_builder_column fusion-builder-column-2 fusion_builder_column_1_3 1_3 fusion-flex-column fusion-flex-align-self-center\" style=\"--awb-padding-bottom:471px;--awb-bg-image:url(&#039;https:\/\/igoan.eu\/wp-content\/uploads\/2025\/03\/02_DSCF4244-1.jpg&#039;);--awb-bg-size:cover;--awb-width-large:33.333333333333%;--awb-margin-top-large:0px;--awb-spacing-right-large:5.76%;--awb-margin-bottom-large:20px;--awb-spacing-left-large:5.76%;--awb-width-medium:33.333333333333%;--awb-order-medium:0;--awb-spacing-right-medium:5.76%;--awb-spacing-left-medium:5.76%;--awb-width-small:100%;--awb-order-small:0;--awb-spacing-right-small:1.92%;--awb-spacing-left-small:1.92%;\"><div class=\"fusion-column-wrapper fusion-column-has-shadow fusion-flex-justify-content-center fusion-content-layout-column fusion-empty-column-bg-image fusion-column-has-bg-image\" data-bg-url=\"https:\/\/igoan.eu\/wp-content\/uploads\/2025\/03\/02_DSCF4244-1.jpg\"><img decoding=\"async\" class=\"fusion-empty-dims-img-placeholder\" src=\"data:image\/svg+xml,%3Csvg%20xmlns%3D%27http%3A%2F%2Fwww.w3.org%2F2000%2Fsvg%27%20width%3D%275152%27%20height%3D%277728%27%20viewBox%3D%270%200%205152%207728%27%3E%3Crect%20width%3D%275152%27%20height%3D%277728%27%20fill-opacity%3D%220%22%2F%3E%3C%2Fsvg%3E\"><\/div><\/div><\/div><\/div><div class=\"fusion-fullwidth fullwidth-box fusion-builder-row-3 fusion-flex-container has-pattern-background has-mask-background nonhundred-percent-fullwidth non-hundred-percent-height-scrolling\" style=\"--awb-border-radius-top-left:0px;--awb-border-radius-top-right:0px;--awb-border-radius-bottom-right:0px;--awb-border-radius-bottom-left:0px;--awb-flex-wrap:wrap;\" ><div class=\"fusion-builder-row fusion-row fusion-flex-align-items-flex-start fusion-flex-content-wrap\" style=\"max-width:1248px;margin-left: calc(-4% \/ 2 );margin-right: calc(-4% \/ 2 );\"><\/div><\/div><div class=\"fusion-fullwidth fullwidth-box fusion-builder-row-4 fusion-flex-container has-pattern-background has-mask-background nonhundred-percent-fullwidth non-hundred-percent-height-scrolling\" style=\"--awb-border-radius-top-left:0px;--awb-border-radius-top-right:0px;--awb-border-radius-bottom-right:0px;--awb-border-radius-bottom-left:0px;--awb-flex-wrap:wrap;\" ><div class=\"fusion-builder-row fusion-row fusion-flex-align-items-flex-start fusion-flex-content-wrap\" style=\"max-width:1248px;margin-left: calc(-4% \/ 2 );margin-right: calc(-4% \/ 2 );\"><div class=\"fusion-layout-column fusion_builder_column fusion-builder-column-3 fusion_builder_column_1_1 1_1 fusion-flex-column\" style=\"--awb-bg-size:cover;--awb-width-large:100%;--awb-margin-top-large:0px;--awb-spacing-right-large:1.92%;--awb-margin-bottom-large:20px;--awb-spacing-left-large:1.92%;--awb-width-medium:100%;--awb-order-medium:0;--awb-spacing-right-medium:1.92%;--awb-spacing-left-medium:1.92%;--awb-width-small:100%;--awb-order-small:0;--awb-spacing-right-small:1.92%;--awb-spacing-left-small:1.92%;\"><div class=\"fusion-column-wrapper fusion-column-has-shadow fusion-flex-justify-content-flex-start fusion-content-layout-column\"><div class=\"fusion-image-element\" style=\"--awb-caption-title-font-family:var(--h2_typography-font-family);--awb-caption-title-font-weight:var(--h2_typography-font-weight);--awb-caption-title-font-style:var(--h2_typography-font-style);--awb-caption-title-size:var(--h2_typography-font-size);--awb-caption-title-transform:var(--h2_typography-text-transform);--awb-caption-title-line-height:var(--h2_typography-line-height);--awb-caption-title-letter-spacing:var(--h2_typography-letter-spacing);\"><span class=\"fusion-imageframe imageframe-none imageframe-2 hover-type-none\"><img decoding=\"async\" width=\"2560\" height=\"1440\" title=\"01_IMG_20230224_185107\" src=\"https:\/\/igoan.eu\/wp-content\/uploads\/2025\/03\/01_IMG_20230224_185107-scaled.jpg\" alt class=\"img-responsive wp-image-736\" srcset=\"https:\/\/igoan.eu\/wp-content\/uploads\/2025\/03\/01_IMG_20230224_185107-200x113.jpg 200w, https:\/\/igoan.eu\/wp-content\/uploads\/2025\/03\/01_IMG_20230224_185107-400x225.jpg 400w, https:\/\/igoan.eu\/wp-content\/uploads\/2025\/03\/01_IMG_20230224_185107-600x338.jpg 600w, https:\/\/igoan.eu\/wp-content\/uploads\/2025\/03\/01_IMG_20230224_185107-800x450.jpg 800w, https:\/\/igoan.eu\/wp-content\/uploads\/2025\/03\/01_IMG_20230224_185107-1200x675.jpg 1200w, https:\/\/igoan.eu\/wp-content\/uploads\/2025\/03\/01_IMG_20230224_185107-scaled.jpg 2560w\" sizes=\"(max-width: 640px) 100vw, 1200px\" \/><\/span><\/div><\/div><\/div><\/div><\/div><\/p>","protected":false},"excerpt":{"rendered":"","protected":false},"author":1,"featured_media":0,"parent":223,"menu_order":0,"comment_status":"closed","ping_status":"closed","template":"100-width.php","meta":{"footnotes":""},"yoast_head":"<!-- This site is optimized with the Yoast SEO plugin v22.7 - https:\/\/yoast.com\/wordpress\/plugins\/seo\/ -->\n<title>Proceso de fabricaci\u00f3n - igoan.eu<\/title>\n<meta name=\"description\" content=\"Descubre c\u00f3mo en Igoan fabricamos cuadros de bicicleta de acero de forma completamente artesanal. Desde el dise\u00f1o y la soldadura hasta la pintura final, cuidamos cada detalle para obtener un producto \u00fanico y de alta calidad.\" \/>\n<meta name=\"robots\" content=\"index, follow, max-snippet:-1, max-image-preview:large, max-video-preview:-1\" \/>\n<link rel=\"canonical\" href=\"https:\/\/igoan.eu\/en\/ingenieria-de-la-bicicleta\/proceso-de-fabricacion\/\" \/>\n<meta property=\"og:locale\" content=\"en_GB\" \/>\n<meta property=\"og:type\" content=\"article\" \/>\n<meta property=\"og:title\" content=\"Proceso de fabricaci\u00f3n - igoan.eu\" \/>\n<meta property=\"og:description\" content=\"Descubre c\u00f3mo en Igoan fabricamos cuadros de bicicleta de acero de forma completamente artesanal. Desde el dise\u00f1o y la soldadura hasta la pintura final, cuidamos cada detalle para obtener un producto \u00fanico y de alta calidad.\" \/>\n<meta property=\"og:url\" content=\"https:\/\/igoan.eu\/en\/ingenieria-de-la-bicicleta\/proceso-de-fabricacion\/\" \/>\n<meta property=\"og:site_name\" content=\"igoan.eu\" \/>\n<meta property=\"article:modified_time\" content=\"2025-03-18T17:28:52+00:00\" \/>\n<meta name=\"twitter:card\" content=\"summary_large_image\" \/>\n<meta name=\"twitter:label1\" content=\"Estimated reading time\" \/>\n\t<meta name=\"twitter:data1\" content=\"2 minutes\" \/>\n<script type=\"application\/ld+json\" class=\"yoast-schema-graph\">{\"@context\":\"https:\/\/schema.org\",\"@graph\":[{\"@type\":\"WebPage\",\"@id\":\"https:\/\/igoan.eu\/ingenieria-de-la-bicicleta\/proceso-de-fabricacion\/\",\"url\":\"https:\/\/igoan.eu\/ingenieria-de-la-bicicleta\/proceso-de-fabricacion\/\",\"name\":\"Proceso de fabricaci\u00f3n - igoan.eu\",\"isPartOf\":{\"@id\":\"https:\/\/igoan.eu\/#website\"},\"datePublished\":\"2024-03-13T10:35:46+00:00\",\"dateModified\":\"2025-03-18T17:28:52+00:00\",\"description\":\"Descubre c\u00f3mo en Igoan fabricamos cuadros de bicicleta de acero de forma completamente artesanal. Desde el dise\u00f1o y la soldadura hasta la pintura final, cuidamos cada detalle para obtener un producto \u00fanico y de alta calidad.\",\"breadcrumb\":{\"@id\":\"https:\/\/igoan.eu\/ingenieria-de-la-bicicleta\/proceso-de-fabricacion\/#breadcrumb\"},\"inLanguage\":\"en-GB\",\"potentialAction\":[{\"@type\":\"ReadAction\",\"target\":[\"https:\/\/igoan.eu\/ingenieria-de-la-bicicleta\/proceso-de-fabricacion\/\"]}]},{\"@type\":\"BreadcrumbList\",\"@id\":\"https:\/\/igoan.eu\/ingenieria-de-la-bicicleta\/proceso-de-fabricacion\/#breadcrumb\",\"itemListElement\":[{\"@type\":\"ListItem\",\"position\":1,\"name\":\"Portada\",\"item\":\"https:\/\/igoan.eu\/\"},{\"@type\":\"ListItem\",\"position\":2,\"name\":\"Ingenier\u00eda de la bicicleta\",\"item\":\"https:\/\/igoan.eu\/ingenieria-de-la-bicicleta\/\"},{\"@type\":\"ListItem\",\"position\":3,\"name\":\"Proceso de fabricaci\u00f3n\"}]},{\"@type\":\"WebSite\",\"@id\":\"https:\/\/igoan.eu\/#website\",\"url\":\"https:\/\/igoan.eu\/\",\"name\":\"igoan.eu\",\"description\":\"Soluciones innovadoras en refrigeraci\u00f3n industrial, movilidad sostenible y electr\u00f3nica avanzada, con un enfoque en la eficiencia energ\u00e9tica y el software libre.\",\"publisher\":{\"@id\":\"https:\/\/igoan.eu\/#organization\"},\"alternateName\":\"Igoan Ingenier\u00eda Sostenible\",\"potentialAction\":[{\"@type\":\"SearchAction\",\"target\":{\"@type\":\"EntryPoint\",\"urlTemplate\":\"https:\/\/igoan.eu\/?s={search_term_string}\"},\"query-input\":\"required name=search_term_string\"}],\"inLanguage\":\"en-GB\"},{\"@type\":\"Organization\",\"@id\":\"https:\/\/igoan.eu\/#organization\",\"name\":\"Igoan\",\"alternateName\":\"Igoan\",\"url\":\"https:\/\/igoan.eu\/\",\"logo\":{\"@type\":\"ImageObject\",\"inLanguage\":\"en-GB\",\"@id\":\"https:\/\/igoan.eu\/#\/schema\/logo\/image\/\",\"url\":\"https:\/\/igoan.eu\/wp-content\/uploads\/2024\/01\/Captura-de-pantalla-2024-01-22-a-las-11.57.28.png\",\"contentUrl\":\"https:\/\/igoan.eu\/wp-content\/uploads\/2024\/01\/Captura-de-pantalla-2024-01-22-a-las-11.57.28.png\",\"width\":418,\"height\":150,\"caption\":\"Igoan\"},\"image\":{\"@id\":\"https:\/\/igoan.eu\/#\/schema\/logo\/image\/\"}}]}<\/script>\n<!-- \/ Yoast SEO plugin. -->","yoast_head_json":{"title":"Proceso de fabricaci\u00f3n - igoan.eu","description":"Descubre c\u00f3mo en Igoan fabricamos cuadros de bicicleta de acero de forma completamente artesanal. Desde el dise\u00f1o y la soldadura hasta la pintura final, cuidamos cada detalle para obtener un producto \u00fanico y de alta calidad.","robots":{"index":"index","follow":"follow","max-snippet":"max-snippet:-1","max-image-preview":"max-image-preview:large","max-video-preview":"max-video-preview:-1"},"canonical":"https:\/\/igoan.eu\/en\/ingenieria-de-la-bicicleta\/proceso-de-fabricacion\/","og_locale":"en_GB","og_type":"article","og_title":"Proceso de fabricaci\u00f3n - igoan.eu","og_description":"Descubre c\u00f3mo en Igoan fabricamos cuadros de bicicleta de acero de forma completamente artesanal. Desde el dise\u00f1o y la soldadura hasta la pintura final, cuidamos cada detalle para obtener un producto \u00fanico y de alta calidad.","og_url":"https:\/\/igoan.eu\/en\/ingenieria-de-la-bicicleta\/proceso-de-fabricacion\/","og_site_name":"igoan.eu","article_modified_time":"2025-03-18T17:28:52+00:00","twitter_card":"summary_large_image","twitter_misc":{"Estimated reading time":"2 minutes"},"schema":{"@context":"https:\/\/schema.org","@graph":[{"@type":"WebPage","@id":"https:\/\/igoan.eu\/ingenieria-de-la-bicicleta\/proceso-de-fabricacion\/","url":"https:\/\/igoan.eu\/ingenieria-de-la-bicicleta\/proceso-de-fabricacion\/","name":"Proceso de fabricaci\u00f3n - igoan.eu","isPartOf":{"@id":"https:\/\/igoan.eu\/#website"},"datePublished":"2024-03-13T10:35:46+00:00","dateModified":"2025-03-18T17:28:52+00:00","description":"Descubre c\u00f3mo en Igoan fabricamos cuadros de bicicleta de acero de forma completamente artesanal. Desde el dise\u00f1o y la soldadura hasta la pintura final, cuidamos cada detalle para obtener un producto \u00fanico y de alta calidad.","breadcrumb":{"@id":"https:\/\/igoan.eu\/ingenieria-de-la-bicicleta\/proceso-de-fabricacion\/#breadcrumb"},"inLanguage":"en-GB","potentialAction":[{"@type":"ReadAction","target":["https:\/\/igoan.eu\/ingenieria-de-la-bicicleta\/proceso-de-fabricacion\/"]}]},{"@type":"BreadcrumbList","@id":"https:\/\/igoan.eu\/ingenieria-de-la-bicicleta\/proceso-de-fabricacion\/#breadcrumb","itemListElement":[{"@type":"ListItem","position":1,"name":"Portada","item":"https:\/\/igoan.eu\/"},{"@type":"ListItem","position":2,"name":"Ingenier\u00eda de la bicicleta","item":"https:\/\/igoan.eu\/ingenieria-de-la-bicicleta\/"},{"@type":"ListItem","position":3,"name":"Proceso de fabricaci\u00f3n"}]},{"@type":"WebSite","@id":"https:\/\/igoan.eu\/#website","url":"https:\/\/igoan.eu\/","name":"igoan.eu","description":"Soluciones innovadoras en refrigeraci\u00f3n industrial, movilidad sostenible y electr\u00f3nica avanzada, con un enfoque en la eficiencia energ\u00e9tica y el software libre.","publisher":{"@id":"https:\/\/igoan.eu\/#organization"},"alternateName":"Igoan Ingenier\u00eda Sostenible","potentialAction":[{"@type":"SearchAction","target":{"@type":"EntryPoint","urlTemplate":"https:\/\/igoan.eu\/?s={search_term_string}"},"query-input":"required name=search_term_string"}],"inLanguage":"en-GB"},{"@type":"Organization","@id":"https:\/\/igoan.eu\/#organization","name":"Igoan","alternateName":"Igoan","url":"https:\/\/igoan.eu\/","logo":{"@type":"ImageObject","inLanguage":"en-GB","@id":"https:\/\/igoan.eu\/#\/schema\/logo\/image\/","url":"https:\/\/igoan.eu\/wp-content\/uploads\/2024\/01\/Captura-de-pantalla-2024-01-22-a-las-11.57.28.png","contentUrl":"https:\/\/igoan.eu\/wp-content\/uploads\/2024\/01\/Captura-de-pantalla-2024-01-22-a-las-11.57.28.png","width":418,"height":150,"caption":"Igoan"},"image":{"@id":"https:\/\/igoan.eu\/#\/schema\/logo\/image\/"}}]}},"_links":{"self":[{"href":"https:\/\/igoan.eu\/en\/wp-json\/wp\/v2\/pages\/327"}],"collection":[{"href":"https:\/\/igoan.eu\/en\/wp-json\/wp\/v2\/pages"}],"about":[{"href":"https:\/\/igoan.eu\/en\/wp-json\/wp\/v2\/types\/page"}],"author":[{"embeddable":true,"href":"https:\/\/igoan.eu\/en\/wp-json\/wp\/v2\/users\/1"}],"replies":[{"embeddable":true,"href":"https:\/\/igoan.eu\/en\/wp-json\/wp\/v2\/comments?post=327"}],"version-history":[{"count":17,"href":"https:\/\/igoan.eu\/en\/wp-json\/wp\/v2\/pages\/327\/revisions"}],"predecessor-version":[{"id":747,"href":"https:\/\/igoan.eu\/en\/wp-json\/wp\/v2\/pages\/327\/revisions\/747"}],"up":[{"embeddable":true,"href":"https:\/\/igoan.eu\/en\/wp-json\/wp\/v2\/pages\/223"}],"wp:attachment":[{"href":"https:\/\/igoan.eu\/en\/wp-json\/wp\/v2\/media?parent=327"}],"curies":[{"name":"wp","href":"https:\/\/api.w.org\/{rel}","templated":true}]}}