{"id":329,"date":"2024-03-13T10:36:08","date_gmt":"2024-03-13T10:36:08","guid":{"rendered":"https:\/\/igoan.eu\/?page_id=329"},"modified":"2025-03-10T13:53:24","modified_gmt":"2025-03-10T12:53:24","slug":"tipos-de-bicicletas","status":"publish","type":"page","link":"https:\/\/igoan.eu\/en\/ingenieria-de-la-bicicleta\/tipos-de-bicicletas\/","title":{"rendered":"Types of bicycles"},"content":{"rendered":"<div class=\"fusion-fullwidth fullwidth-box fusion-builder-row-1 fusion-flex-container has-pattern-background has-mask-background nonhundred-percent-fullwidth non-hundred-percent-height-scrolling\" style=\"--awb-border-radius-top-left:0px;--awb-border-radius-top-right:0px;--awb-border-radius-bottom-right:0px;--awb-border-radius-bottom-left:0px;--awb-background-color:var(--awb-color1);--awb-flex-wrap:wrap;\" ><div class=\"fusion-builder-row fusion-row fusion-flex-align-items-center fusion-flex-content-wrap\" style=\"max-width:1248px;margin-left: calc(-4% \/ 2 );margin-right: calc(-4% \/ 2 );\"><div class=\"fusion-layout-column fusion_builder_column fusion-builder-column-0 fusion_builder_column_3_5 3_5 fusion-flex-column\" style=\"--awb-bg-size:cover;--awb-width-large:60%;--awb-margin-top-large:20px;--awb-spacing-right-large:3.2%;--awb-margin-bottom-large:20px;--awb-spacing-left-large:3.2%;--awb-width-medium:60%;--awb-order-medium:0;--awb-spacing-right-medium:3.2%;--awb-spacing-left-medium:3.2%;--awb-width-small:100%;--awb-order-small:0;--awb-spacing-right-small:1.92%;--awb-spacing-left-small:1.92%;\"><div class=\"fusion-column-wrapper fusion-column-has-shadow fusion-flex-justify-content-flex-start fusion-content-layout-column\"><div class=\"fusion-text fusion-text-1\" style=\"--awb-font-size:var(--awb-typography4-font-size);--awb-line-height:var(--awb-typography4-line-height);--awb-letter-spacing:var(--awb-typography4-letter-spacing);--awb-text-transform:var(--awb-typography4-text-transform);--awb-text-font-family:var(--awb-typography4-font-family);--awb-text-font-weight:var(--awb-typography4-font-weight);--awb-text-font-style:var(--awb-typography4-font-style);\"><p>From nimble road bikes to robust mountain bikes, from stylish city bikes to versatile hybrid bikes, we dive into each category to give you detailed information and practical advice.<\/p>\n<p>Our goal is to help you understand the unique characteristics of each type of bike, from its design to its performance in different terrains and conditions. Whether you're looking for speed and efficiency on the road, the thrill of mountain trails, or just a simple, eco-friendly way to get around town, we're here to guide you in your search for the perfect bike for you.<\/p>\n<p>Join us as we explore the exciting world of different types of bikes, sharing knowledge, experiences and passion for cycling.<\/p>\n<\/div><\/div><\/div><div class=\"fusion-layout-column fusion_builder_column fusion-builder-column-1 fusion_builder_column_2_5 2_5 fusion-flex-column\" style=\"--awb-bg-size:cover;--awb-width-large:40%;--awb-margin-top-large:0px;--awb-spacing-right-large:4.8%;--awb-margin-bottom-large:0px;--awb-spacing-left-large:4.8%;--awb-width-medium:40%;--awb-order-medium:0;--awb-spacing-right-medium:4.8%;--awb-spacing-left-medium:4.8%;--awb-width-small:100%;--awb-order-small:0;--awb-spacing-right-small:1.92%;--awb-spacing-left-small:1.92%;\"><div class=\"fusion-column-wrapper fusion-column-has-shadow fusion-flex-justify-content-flex-start fusion-content-layout-column\"><div class=\"fusion-image-element\" style=\"--awb-caption-title-font-family:var(--h2_typography-font-family);--awb-caption-title-font-weight:var(--h2_typography-font-weight);--awb-caption-title-font-style:var(--h2_typography-font-style);--awb-caption-title-size:var(--h2_typography-font-size);--awb-caption-title-transform:var(--h2_typography-text-transform);--awb-caption-title-line-height:var(--h2_typography-line-height);--awb-caption-title-letter-spacing:var(--h2_typography-letter-spacing);\"><span class=\"fusion-imageframe imageframe-none imageframe-1 hover-type-none\"><img decoding=\"async\" width=\"768\" height=\"512\" title=\"DSCF4397\" src=\"https:\/\/igoan.eu\/wp-content\/uploads\/2025\/03\/DSCF4397.jpg\" alt class=\"img-responsive wp-image-684\" srcset=\"https:\/\/igoan.eu\/wp-content\/uploads\/2025\/03\/DSCF4397-200x133.jpg 200w, https:\/\/igoan.eu\/wp-content\/uploads\/2025\/03\/DSCF4397-400x267.jpg 400w, https:\/\/igoan.eu\/wp-content\/uploads\/2025\/03\/DSCF4397-600x400.jpg 600w, https:\/\/igoan.eu\/wp-content\/uploads\/2025\/03\/DSCF4397.jpg 768w\" sizes=\"(max-width: 640px) 100vw, 600px\" \/><\/span><\/div><\/div><\/div><\/div><\/div>","protected":false},"excerpt":{"rendered":"","protected":false},"author":1,"featured_media":0,"parent":223,"menu_order":0,"comment_status":"closed","ping_status":"closed","template":"100-width.php","meta":{"footnotes":""},"yoast_head":"<!-- This site is optimized with the Yoast SEO plugin v22.7 - https:\/\/yoast.com\/wordpress\/plugins\/seo\/ -->\n<title>Tipos de bicicletas - igoan.eu<\/title>\n<meta name=\"description\" content=\"Explora las diferentes categor\u00edas de bicicletas, desde monta\u00f1a y carretera hasta urbanas e h\u00edbridas. Encuentra la que mejor se adapta a tus necesidades y preferencias. M\u00e1s informaci\u00f3n en Igoan\" \/>\n<meta name=\"robots\" content=\"index, follow, max-snippet:-1, max-image-preview:large, max-video-preview:-1\" \/>\n<link rel=\"canonical\" href=\"https:\/\/igoan.eu\/en\/ingenieria-de-la-bicicleta\/tipos-de-bicicletas\/\" \/>\n<meta property=\"og:locale\" content=\"en_GB\" \/>\n<meta property=\"og:type\" content=\"article\" \/>\n<meta property=\"og:title\" content=\"Tipos de bicicletas - igoan.eu\" \/>\n<meta property=\"og:description\" content=\"Explora las diferentes categor\u00edas de bicicletas, desde monta\u00f1a y carretera hasta urbanas e h\u00edbridas. Encuentra la que mejor se adapta a tus necesidades y preferencias. M\u00e1s informaci\u00f3n en Igoan\" \/>\n<meta property=\"og:url\" content=\"https:\/\/igoan.eu\/en\/ingenieria-de-la-bicicleta\/tipos-de-bicicletas\/\" \/>\n<meta property=\"og:site_name\" content=\"igoan.eu\" \/>\n<meta property=\"article:modified_time\" content=\"2025-03-10T12:53:24+00:00\" \/>\n<meta name=\"twitter:card\" content=\"summary_large_image\" \/>\n<meta name=\"twitter:label1\" content=\"Estimated reading time\" \/>\n\t<meta name=\"twitter:data1\" content=\"1 minute\" \/>\n<script type=\"application\/ld+json\" class=\"yoast-schema-graph\">{\"@context\":\"https:\/\/schema.org\",\"@graph\":[{\"@type\":\"WebPage\",\"@id\":\"https:\/\/igoan.eu\/ingenieria-de-la-bicicleta\/tipos-de-bicicletas\/\",\"url\":\"https:\/\/igoan.eu\/ingenieria-de-la-bicicleta\/tipos-de-bicicletas\/\",\"name\":\"Tipos de bicicletas - igoan.eu\",\"isPartOf\":{\"@id\":\"https:\/\/igoan.eu\/#website\"},\"datePublished\":\"2024-03-13T10:36:08+00:00\",\"dateModified\":\"2025-03-10T12:53:24+00:00\",\"description\":\"Explora las diferentes categor\u00edas de bicicletas, desde monta\u00f1a y carretera hasta urbanas e h\u00edbridas. Encuentra la que mejor se adapta a tus necesidades y preferencias. M\u00e1s informaci\u00f3n en Igoan\",\"breadcrumb\":{\"@id\":\"https:\/\/igoan.eu\/ingenieria-de-la-bicicleta\/tipos-de-bicicletas\/#breadcrumb\"},\"inLanguage\":\"en-GB\",\"potentialAction\":[{\"@type\":\"ReadAction\",\"target\":[\"https:\/\/igoan.eu\/ingenieria-de-la-bicicleta\/tipos-de-bicicletas\/\"]}]},{\"@type\":\"BreadcrumbList\",\"@id\":\"https:\/\/igoan.eu\/ingenieria-de-la-bicicleta\/tipos-de-bicicletas\/#breadcrumb\",\"itemListElement\":[{\"@type\":\"ListItem\",\"position\":1,\"name\":\"Portada\",\"item\":\"https:\/\/igoan.eu\/\"},{\"@type\":\"ListItem\",\"position\":2,\"name\":\"Ingenier\u00eda de la bicicleta\",\"item\":\"https:\/\/igoan.eu\/ingenieria-de-la-bicicleta\/\"},{\"@type\":\"ListItem\",\"position\":3,\"name\":\"Tipos de bicicletas\"}]},{\"@type\":\"WebSite\",\"@id\":\"https:\/\/igoan.eu\/#website\",\"url\":\"https:\/\/igoan.eu\/\",\"name\":\"igoan.eu\",\"description\":\"Soluciones innovadoras en refrigeraci\u00f3n industrial, movilidad sostenible y electr\u00f3nica avanzada, con un enfoque en la eficiencia energ\u00e9tica y el software libre.\",\"publisher\":{\"@id\":\"https:\/\/igoan.eu\/#organization\"},\"alternateName\":\"Igoan Ingenier\u00eda Sostenible\",\"potentialAction\":[{\"@type\":\"SearchAction\",\"target\":{\"@type\":\"EntryPoint\",\"urlTemplate\":\"https:\/\/igoan.eu\/?s={search_term_string}\"},\"query-input\":\"required name=search_term_string\"}],\"inLanguage\":\"en-GB\"},{\"@type\":\"Organization\",\"@id\":\"https:\/\/igoan.eu\/#organization\",\"name\":\"Igoan\",\"alternateName\":\"Igoan\",\"url\":\"https:\/\/igoan.eu\/\",\"logo\":{\"@type\":\"ImageObject\",\"inLanguage\":\"en-GB\",\"@id\":\"https:\/\/igoan.eu\/#\/schema\/logo\/image\/\",\"url\":\"https:\/\/igoan.eu\/wp-content\/uploads\/2024\/01\/Captura-de-pantalla-2024-01-22-a-las-11.57.28.png\",\"contentUrl\":\"https:\/\/igoan.eu\/wp-content\/uploads\/2024\/01\/Captura-de-pantalla-2024-01-22-a-las-11.57.28.png\",\"width\":418,\"height\":150,\"caption\":\"Igoan\"},\"image\":{\"@id\":\"https:\/\/igoan.eu\/#\/schema\/logo\/image\/\"}}]}<\/script>\n<!-- \/ Yoast SEO plugin. -->","yoast_head_json":{"title":"Tipos de bicicletas - igoan.eu","description":"Explora las diferentes categor\u00edas de bicicletas, desde monta\u00f1a y carretera hasta urbanas e h\u00edbridas. Encuentra la que mejor se adapta a tus necesidades y preferencias. M\u00e1s informaci\u00f3n en Igoan","robots":{"index":"index","follow":"follow","max-snippet":"max-snippet:-1","max-image-preview":"max-image-preview:large","max-video-preview":"max-video-preview:-1"},"canonical":"https:\/\/igoan.eu\/en\/ingenieria-de-la-bicicleta\/tipos-de-bicicletas\/","og_locale":"en_GB","og_type":"article","og_title":"Tipos de bicicletas - igoan.eu","og_description":"Explora las diferentes categor\u00edas de bicicletas, desde monta\u00f1a y carretera hasta urbanas e h\u00edbridas. Encuentra la que mejor se adapta a tus necesidades y preferencias. M\u00e1s informaci\u00f3n en Igoan","og_url":"https:\/\/igoan.eu\/en\/ingenieria-de-la-bicicleta\/tipos-de-bicicletas\/","og_site_name":"igoan.eu","article_modified_time":"2025-03-10T12:53:24+00:00","twitter_card":"summary_large_image","twitter_misc":{"Estimated reading time":"1 minute"},"schema":{"@context":"https:\/\/schema.org","@graph":[{"@type":"WebPage","@id":"https:\/\/igoan.eu\/ingenieria-de-la-bicicleta\/tipos-de-bicicletas\/","url":"https:\/\/igoan.eu\/ingenieria-de-la-bicicleta\/tipos-de-bicicletas\/","name":"Tipos de bicicletas - igoan.eu","isPartOf":{"@id":"https:\/\/igoan.eu\/#website"},"datePublished":"2024-03-13T10:36:08+00:00","dateModified":"2025-03-10T12:53:24+00:00","description":"Explora las diferentes categor\u00edas de bicicletas, desde monta\u00f1a y carretera hasta urbanas e h\u00edbridas. Encuentra la que mejor se adapta a tus necesidades y preferencias. M\u00e1s informaci\u00f3n en Igoan","breadcrumb":{"@id":"https:\/\/igoan.eu\/ingenieria-de-la-bicicleta\/tipos-de-bicicletas\/#breadcrumb"},"inLanguage":"en-GB","potentialAction":[{"@type":"ReadAction","target":["https:\/\/igoan.eu\/ingenieria-de-la-bicicleta\/tipos-de-bicicletas\/"]}]},{"@type":"BreadcrumbList","@id":"https:\/\/igoan.eu\/ingenieria-de-la-bicicleta\/tipos-de-bicicletas\/#breadcrumb","itemListElement":[{"@type":"ListItem","position":1,"name":"Portada","item":"https:\/\/igoan.eu\/"},{"@type":"ListItem","position":2,"name":"Ingenier\u00eda de la bicicleta","item":"https:\/\/igoan.eu\/ingenieria-de-la-bicicleta\/"},{"@type":"ListItem","position":3,"name":"Tipos de bicicletas"}]},{"@type":"WebSite","@id":"https:\/\/igoan.eu\/#website","url":"https:\/\/igoan.eu\/","name":"igoan.eu","description":"Soluciones innovadoras en refrigeraci\u00f3n industrial, movilidad sostenible y electr\u00f3nica avanzada, con un enfoque en la eficiencia energ\u00e9tica y el software libre.","publisher":{"@id":"https:\/\/igoan.eu\/#organization"},"alternateName":"Igoan Ingenier\u00eda Sostenible","potentialAction":[{"@type":"SearchAction","target":{"@type":"EntryPoint","urlTemplate":"https:\/\/igoan.eu\/?s={search_term_string}"},"query-input":"required name=search_term_string"}],"inLanguage":"en-GB"},{"@type":"Organization","@id":"https:\/\/igoan.eu\/#organization","name":"Igoan","alternateName":"Igoan","url":"https:\/\/igoan.eu\/","logo":{"@type":"ImageObject","inLanguage":"en-GB","@id":"https:\/\/igoan.eu\/#\/schema\/logo\/image\/","url":"https:\/\/igoan.eu\/wp-content\/uploads\/2024\/01\/Captura-de-pantalla-2024-01-22-a-las-11.57.28.png","contentUrl":"https:\/\/igoan.eu\/wp-content\/uploads\/2024\/01\/Captura-de-pantalla-2024-01-22-a-las-11.57.28.png","width":418,"height":150,"caption":"Igoan"},"image":{"@id":"https:\/\/igoan.eu\/#\/schema\/logo\/image\/"}}]}},"_links":{"self":[{"href":"https:\/\/igoan.eu\/en\/wp-json\/wp\/v2\/pages\/329"}],"collection":[{"href":"https:\/\/igoan.eu\/en\/wp-json\/wp\/v2\/pages"}],"about":[{"href":"https:\/\/igoan.eu\/en\/wp-json\/wp\/v2\/types\/page"}],"author":[{"embeddable":true,"href":"https:\/\/igoan.eu\/en\/wp-json\/wp\/v2\/users\/1"}],"replies":[{"embeddable":true,"href":"https:\/\/igoan.eu\/en\/wp-json\/wp\/v2\/comments?post=329"}],"version-history":[{"count":7,"href":"https:\/\/igoan.eu\/en\/wp-json\/wp\/v2\/pages\/329\/revisions"}],"predecessor-version":[{"id":720,"href":"https:\/\/igoan.eu\/en\/wp-json\/wp\/v2\/pages\/329\/revisions\/720"}],"up":[{"embeddable":true,"href":"https:\/\/igoan.eu\/en\/wp-json\/wp\/v2\/pages\/223"}],"wp:attachment":[{"href":"https:\/\/igoan.eu\/en\/wp-json\/wp\/v2\/media?parent=329"}],"curies":[{"name":"wp","href":"https:\/\/api.w.org\/{rel}","templated":true}]}}