{"id":331,"date":"2024-03-13T10:36:35","date_gmt":"2024-03-13T10:36:35","guid":{"rendered":"https:\/\/igoan.eu\/?page_id=331"},"modified":"2025-03-10T13:53:53","modified_gmt":"2025-03-10T12:53:53","slug":"galeria","status":"publish","type":"page","link":"https:\/\/igoan.eu\/en\/ingenieria-de-la-bicicleta\/galeria\/","title":{"rendered":"Gallery"},"content":{"rendered":"<div class=\"fusion-fullwidth fullwidth-box fusion-builder-row-1 fusion-flex-container has-pattern-background has-mask-background hundred-percent-fullwidth non-hundred-percent-height-scrolling\" style=\"--awb-border-radius-top-left:0px;--awb-border-radius-top-right:0px;--awb-border-radius-bottom-right:0px;--awb-border-radius-bottom-left:0px;--awb-flex-wrap:wrap;\" ><div class=\"fusion-builder-row fusion-row fusion-flex-align-items-flex-start fusion-flex-content-wrap\" style=\"width:104% !important;max-width:104% !important;margin-left: calc(-4% \/ 2 );margin-right: calc(-4% \/ 2 );\"><div class=\"fusion-layout-column fusion_builder_column fusion-builder-column-0 fusion_builder_column_1_1 1_1 fusion-flex-column\" style=\"--awb-bg-size:cover;--awb-width-large:100%;--awb-margin-top-large:0px;--awb-spacing-right-large:1.92%;--awb-margin-bottom-large:20px;--awb-spacing-left-large:1.92%;--awb-width-medium:100%;--awb-order-medium:0;--awb-spacing-right-medium:1.92%;--awb-spacing-left-medium:1.92%;--awb-width-small:100%;--awb-order-small:0;--awb-spacing-right-small:1.92%;--awb-spacing-left-small:1.92%;\"><div class=\"fusion-column-wrapper fusion-column-has-shadow fusion-flex-justify-content-flex-start fusion-content-layout-column\"><div class=\"fusion-image-carousel fusion-image-carousel-auto fusion-image-carousel-1\" style=\"margin-right:12%;margin-left:12%;\"><div class=\"awb-carousel awb-swiper awb-swiper-carousel\" data-autoplay=\"yes\" data-columns=\"1\" data-itemmargin=\"13\" data-itemwidth=\"180\" data-touchscroll=\"yes\" data-imagesize=\"auto\" style=\"--awb-columns:1;\"><div class=\"swiper-wrapper awb-image-carousel-wrapper fusion-flex-align-items-center\"><div class=\"swiper-slide\"><div class=\"fusion-carousel-item-wrapper\"><div class=\"fusion-image-wrapper hover-type-none\"><img decoding=\"async\" width=\"4306\" height=\"2424\" src=\"https:\/\/igoan.eu\/wp-content\/uploads\/2024\/02\/Sample-01.png\" class=\"attachment-full size-full\" alt=\"\" srcset=\"https:\/\/igoan.eu\/wp-content\/uploads\/2024\/02\/Sample-01-200x113.png 200w, https:\/\/igoan.eu\/wp-content\/uploads\/2024\/02\/Sample-01-300x169.png 300w, https:\/\/igoan.eu\/wp-content\/uploads\/2024\/02\/Sample-01-400x225.png 400w, https:\/\/igoan.eu\/wp-content\/uploads\/2024\/02\/Sample-01-600x338.png 600w, https:\/\/igoan.eu\/wp-content\/uploads\/2024\/02\/Sample-01-768x432.png 768w, https:\/\/igoan.eu\/wp-content\/uploads\/2024\/02\/Sample-01-800x450.png 800w, https:\/\/igoan.eu\/wp-content\/uploads\/2024\/02\/Sample-01-1024x576.png 1024w, https:\/\/igoan.eu\/wp-content\/uploads\/2024\/02\/Sample-01-1200x676.png 1200w, https:\/\/igoan.eu\/wp-content\/uploads\/2024\/02\/Sample-01-1536x865.png 1536w, https:\/\/igoan.eu\/wp-content\/uploads\/2024\/02\/Sample-01.png 4306w\" sizes=\"(max-width: 4306px) 100vw, 4306px\" \/><\/div><\/div><\/div><div class=\"swiper-slide\"><div class=\"fusion-carousel-item-wrapper\"><div class=\"fusion-image-wrapper hover-type-none\"><img decoding=\"async\" width=\"4312\" height=\"2422\" src=\"https:\/\/igoan.eu\/wp-content\/uploads\/2024\/02\/Sample-04.png\" class=\"attachment-full size-full\" alt=\"\" srcset=\"https:\/\/igoan.eu\/wp-content\/uploads\/2024\/02\/Sample-04-200x112.png 200w, https:\/\/igoan.eu\/wp-content\/uploads\/2024\/02\/Sample-04-300x169.png 300w, https:\/\/igoan.eu\/wp-content\/uploads\/2024\/02\/Sample-04-400x225.png 400w, https:\/\/igoan.eu\/wp-content\/uploads\/2024\/02\/Sample-04-600x337.png 600w, https:\/\/igoan.eu\/wp-content\/uploads\/2024\/02\/Sample-04-768x431.png 768w, https:\/\/igoan.eu\/wp-content\/uploads\/2024\/02\/Sample-04-800x449.png 800w, https:\/\/igoan.eu\/wp-content\/uploads\/2024\/02\/Sample-04-1024x575.png 1024w, https:\/\/igoan.eu\/wp-content\/uploads\/2024\/02\/Sample-04-1200x674.png 1200w, https:\/\/igoan.eu\/wp-content\/uploads\/2024\/02\/Sample-04-1536x863.png 1536w, https:\/\/igoan.eu\/wp-content\/uploads\/2024\/02\/Sample-04.png 4312w\" sizes=\"(max-width: 4312px) 100vw, 4312px\" \/><\/div><\/div><\/div><div class=\"swiper-slide\"><div class=\"fusion-carousel-item-wrapper\"><div class=\"fusion-image-wrapper hover-type-none\"><img decoding=\"async\" width=\"4314\" height=\"2426\" src=\"https:\/\/igoan.eu\/wp-content\/uploads\/2024\/02\/Sample-03.png\" class=\"attachment-full size-full\" alt=\"\" srcset=\"https:\/\/igoan.eu\/wp-content\/uploads\/2024\/02\/Sample-03-200x112.png 200w, https:\/\/igoan.eu\/wp-content\/uploads\/2024\/02\/Sample-03-300x169.png 300w, https:\/\/igoan.eu\/wp-content\/uploads\/2024\/02\/Sample-03-400x225.png 400w, https:\/\/igoan.eu\/wp-content\/uploads\/2024\/02\/Sample-03-600x337.png 600w, https:\/\/igoan.eu\/wp-content\/uploads\/2024\/02\/Sample-03-768x432.png 768w, https:\/\/igoan.eu\/wp-content\/uploads\/2024\/02\/Sample-03-800x450.png 800w, https:\/\/igoan.eu\/wp-content\/uploads\/2024\/02\/Sample-03-1024x576.png 1024w, https:\/\/igoan.eu\/wp-content\/uploads\/2024\/02\/Sample-03-1200x675.png 1200w, https:\/\/igoan.eu\/wp-content\/uploads\/2024\/02\/Sample-03-1536x864.png 1536w, https:\/\/igoan.eu\/wp-content\/uploads\/2024\/02\/Sample-03.png 4314w\" sizes=\"(max-width: 4314px) 100vw, 4314px\" \/><\/div><\/div><\/div><\/div><div class=\"awb-swiper-button awb-swiper-button-prev\"><i class=\"awb-icon-angle-left\" aria-hidden=\"true\"><\/i><\/div><div class=\"awb-swiper-button awb-swiper-button-next\"><i class=\"awb-icon-angle-right\" aria-hidden=\"true\"><\/i><\/div><\/div><\/div><\/div><\/div><div class=\"fusion-layout-column fusion_builder_column fusion-builder-column-1 fusion_builder_column_1_1 1_1 fusion-flex-column\" style=\"--awb-bg-size:cover;--awb-width-large:100%;--awb-margin-top-large:0px;--awb-spacing-right-large:1.92%;--awb-margin-bottom-large:20px;--awb-spacing-left-large:1.92%;--awb-width-medium:100%;--awb-order-medium:0;--awb-spacing-right-medium:1.92%;--awb-spacing-left-medium:1.92%;--awb-width-small:100%;--awb-order-small:0;--awb-spacing-right-small:1.92%;--awb-spacing-left-small:1.92%;\"><div class=\"fusion-column-wrapper fusion-column-has-shadow fusion-flex-justify-content-flex-start fusion-content-layout-column\"><div class=\"awb-gallery-wrapper awb-gallery-wrapper-1 button-span-no\" style=\"--more-btn-alignment:center;margin-right:12%;margin-left:12%;\" data-limit=\"9\" data-page=\"1\"><div style=\"margin:-5px;--awb-bordersize:0px;\" class=\"fusion-gallery fusion-gallery-container fusion-grid-3 fusion-columns-total-10 fusion-gallery-layout-grid fusion-gallery-1\"><div style=\"padding:5px;\" class=\"fusion-grid-column fusion-gallery-column fusion-gallery-column-3 hover-type-zoomout\"><div class=\"fusion-gallery-image\"><img decoding=\"async\" src=\"https:\/\/igoan.eu\/wp-content\/uploads\/2025\/03\/DSCF4387-scaled.jpg\" width=\"1707\" height=\"2560\" alt=\"\" title=\"DSCF4387\" aria-label=\"DSCF4387\" class=\"img-responsive wp-image-686\" srcset=\"https:\/\/igoan.eu\/wp-content\/uploads\/2025\/03\/DSCF4387-200x300.jpg 200w, https:\/\/igoan.eu\/wp-content\/uploads\/2025\/03\/DSCF4387-400x600.jpg 400w, https:\/\/igoan.eu\/wp-content\/uploads\/2025\/03\/DSCF4387-600x900.jpg 600w, https:\/\/igoan.eu\/wp-content\/uploads\/2025\/03\/DSCF4387-800x1200.jpg 800w, https:\/\/igoan.eu\/wp-content\/uploads\/2025\/03\/DSCF4387-1200x1800.jpg 1200w, https:\/\/igoan.eu\/wp-content\/uploads\/2025\/03\/DSCF4387-scaled.jpg 1707w\" sizes=\"(min-width: 2200px) 100vw, (min-width: 784px) 397px, (min-width: 712px) 595px, (min-width: 640px) 712px, \" \/><\/div><\/div><div style=\"padding:5px;\" class=\"fusion-grid-column fusion-gallery-column fusion-gallery-column-3 hover-type-zoomout\"><div class=\"fusion-gallery-image\"><img decoding=\"async\" src=\"https:\/\/igoan.eu\/wp-content\/uploads\/2025\/03\/DSCF4338.jpg\" width=\"1920\" height=\"1280\" alt=\"\" title=\"DSCF4338\" aria-label=\"DSCF4338\" class=\"img-responsive wp-image-687\" srcset=\"https:\/\/igoan.eu\/wp-content\/uploads\/2025\/03\/DSCF4338-200x133.jpg 200w, https:\/\/igoan.eu\/wp-content\/uploads\/2025\/03\/DSCF4338-400x267.jpg 400w, https:\/\/igoan.eu\/wp-content\/uploads\/2025\/03\/DSCF4338-600x400.jpg 600w, https:\/\/igoan.eu\/wp-content\/uploads\/2025\/03\/DSCF4338-800x533.jpg 800w, https:\/\/igoan.eu\/wp-content\/uploads\/2025\/03\/DSCF4338-1200x800.jpg 1200w, https:\/\/igoan.eu\/wp-content\/uploads\/2025\/03\/DSCF4338.jpg 1920w\" sizes=\"(min-width: 2200px) 100vw, (min-width: 784px) 397px, (min-width: 712px) 595px, (min-width: 640px) 712px, \" \/><\/div><\/div><div style=\"padding:5px;\" class=\"fusion-grid-column fusion-gallery-column fusion-gallery-column-3 hover-type-zoomout\"><div class=\"fusion-gallery-image\"><img decoding=\"async\" src=\"https:\/\/igoan.eu\/wp-content\/uploads\/2025\/03\/DSCF4324.jpg\" width=\"1920\" height=\"1280\" alt=\"\" title=\"DSCF4324\" aria-label=\"DSCF4324\" class=\"img-responsive wp-image-688\" srcset=\"https:\/\/igoan.eu\/wp-content\/uploads\/2025\/03\/DSCF4324-200x133.jpg 200w, https:\/\/igoan.eu\/wp-content\/uploads\/2025\/03\/DSCF4324-400x267.jpg 400w, https:\/\/igoan.eu\/wp-content\/uploads\/2025\/03\/DSCF4324-600x400.jpg 600w, https:\/\/igoan.eu\/wp-content\/uploads\/2025\/03\/DSCF4324-800x533.jpg 800w, https:\/\/igoan.eu\/wp-content\/uploads\/2025\/03\/DSCF4324-1200x800.jpg 1200w, https:\/\/igoan.eu\/wp-content\/uploads\/2025\/03\/DSCF4324.jpg 1920w\" sizes=\"(min-width: 2200px) 100vw, (min-width: 784px) 397px, (min-width: 712px) 595px, (min-width: 640px) 712px, \" \/><\/div><\/div><div class=\"clearfix\"><\/div><div style=\"padding:5px;\" class=\"fusion-grid-column fusion-gallery-column fusion-gallery-column-3 hover-type-zoomout\"><div class=\"fusion-gallery-image\"><img decoding=\"async\" src=\"https:\/\/igoan.eu\/wp-content\/uploads\/2025\/03\/DSCF4308.jpg\" width=\"1920\" height=\"1280\" alt=\"\" title=\"DSCF4308\" aria-label=\"DSCF4308\" class=\"img-responsive wp-image-689\" srcset=\"https:\/\/igoan.eu\/wp-content\/uploads\/2025\/03\/DSCF4308-200x133.jpg 200w, https:\/\/igoan.eu\/wp-content\/uploads\/2025\/03\/DSCF4308-400x267.jpg 400w, https:\/\/igoan.eu\/wp-content\/uploads\/2025\/03\/DSCF4308-600x400.jpg 600w, https:\/\/igoan.eu\/wp-content\/uploads\/2025\/03\/DSCF4308-800x533.jpg 800w, https:\/\/igoan.eu\/wp-content\/uploads\/2025\/03\/DSCF4308-1200x800.jpg 1200w, https:\/\/igoan.eu\/wp-content\/uploads\/2025\/03\/DSCF4308.jpg 1920w\" sizes=\"(min-width: 2200px) 100vw, (min-width: 784px) 397px, (min-width: 712px) 595px, (min-width: 640px) 712px, \" \/><\/div><\/div><div style=\"padding:5px;\" class=\"fusion-grid-column fusion-gallery-column fusion-gallery-column-3 hover-type-zoomout\"><div class=\"fusion-gallery-image\"><img decoding=\"async\" src=\"https:\/\/igoan.eu\/wp-content\/uploads\/2025\/03\/DSCF4306-scaled.jpg\" width=\"1707\" height=\"2560\" alt=\"\" title=\"DSCF4306\" aria-label=\"DSCF4306\" class=\"img-responsive wp-image-690\" srcset=\"https:\/\/igoan.eu\/wp-content\/uploads\/2025\/03\/DSCF4306-200x300.jpg 200w, https:\/\/igoan.eu\/wp-content\/uploads\/2025\/03\/DSCF4306-400x600.jpg 400w, https:\/\/igoan.eu\/wp-content\/uploads\/2025\/03\/DSCF4306-600x900.jpg 600w, https:\/\/igoan.eu\/wp-content\/uploads\/2025\/03\/DSCF4306-800x1200.jpg 800w, https:\/\/igoan.eu\/wp-content\/uploads\/2025\/03\/DSCF4306-1200x1800.jpg 1200w, https:\/\/igoan.eu\/wp-content\/uploads\/2025\/03\/DSCF4306-scaled.jpg 1707w\" sizes=\"(min-width: 2200px) 100vw, (min-width: 784px) 397px, (min-width: 712px) 595px, (min-width: 640px) 712px, \" \/><\/div><\/div><div style=\"padding:5px;\" class=\"fusion-grid-column fusion-gallery-column fusion-gallery-column-3 hover-type-zoomout\"><div class=\"fusion-gallery-image\"><img decoding=\"async\" src=\"https:\/\/igoan.eu\/wp-content\/uploads\/2025\/03\/DSCF4303-scaled.jpg\" width=\"1707\" height=\"2560\" alt=\"\" title=\"DSCF4303\" aria-label=\"DSCF4303\" class=\"img-responsive wp-image-691\" srcset=\"https:\/\/igoan.eu\/wp-content\/uploads\/2025\/03\/DSCF4303-200x300.jpg 200w, https:\/\/igoan.eu\/wp-content\/uploads\/2025\/03\/DSCF4303-400x600.jpg 400w, https:\/\/igoan.eu\/wp-content\/uploads\/2025\/03\/DSCF4303-600x900.jpg 600w, https:\/\/igoan.eu\/wp-content\/uploads\/2025\/03\/DSCF4303-800x1200.jpg 800w, https:\/\/igoan.eu\/wp-content\/uploads\/2025\/03\/DSCF4303-1200x1800.jpg 1200w, https:\/\/igoan.eu\/wp-content\/uploads\/2025\/03\/DSCF4303-scaled.jpg 1707w\" sizes=\"(min-width: 2200px) 100vw, (min-width: 784px) 397px, (min-width: 712px) 595px, (min-width: 640px) 712px, \" \/><\/div><\/div><div class=\"clearfix\"><\/div><div style=\"padding:5px;\" class=\"fusion-grid-column fusion-gallery-column fusion-gallery-column-3 hover-type-zoomout\"><div class=\"fusion-gallery-image\"><img decoding=\"async\" src=\"https:\/\/igoan.eu\/wp-content\/uploads\/2025\/03\/DSCF4302.jpg\" width=\"1920\" height=\"1280\" alt=\"\" title=\"DSCF4302\" aria-label=\"DSCF4302\" class=\"img-responsive wp-image-692\" srcset=\"https:\/\/igoan.eu\/wp-content\/uploads\/2025\/03\/DSCF4302-200x133.jpg 200w, https:\/\/igoan.eu\/wp-content\/uploads\/2025\/03\/DSCF4302-400x267.jpg 400w, https:\/\/igoan.eu\/wp-content\/uploads\/2025\/03\/DSCF4302-600x400.jpg 600w, https:\/\/igoan.eu\/wp-content\/uploads\/2025\/03\/DSCF4302-800x533.jpg 800w, https:\/\/igoan.eu\/wp-content\/uploads\/2025\/03\/DSCF4302-1200x800.jpg 1200w, https:\/\/igoan.eu\/wp-content\/uploads\/2025\/03\/DSCF4302.jpg 1920w\" sizes=\"(min-width: 2200px) 100vw, (min-width: 784px) 397px, (min-width: 712px) 595px, (min-width: 640px) 712px, \" \/><\/div><\/div><div style=\"padding:5px;\" class=\"fusion-grid-column fusion-gallery-column fusion-gallery-column-3 hover-type-zoomout\"><div class=\"fusion-gallery-image\"><img decoding=\"async\" src=\"https:\/\/igoan.eu\/wp-content\/uploads\/2025\/03\/DSCF4251.jpg\" width=\"1920\" height=\"1280\" alt=\"\" title=\"DSCF4251\" aria-label=\"DSCF4251\" class=\"img-responsive wp-image-693\" srcset=\"https:\/\/igoan.eu\/wp-content\/uploads\/2025\/03\/DSCF4251-200x133.jpg 200w, https:\/\/igoan.eu\/wp-content\/uploads\/2025\/03\/DSCF4251-400x267.jpg 400w, https:\/\/igoan.eu\/wp-content\/uploads\/2025\/03\/DSCF4251-600x400.jpg 600w, https:\/\/igoan.eu\/wp-content\/uploads\/2025\/03\/DSCF4251-800x533.jpg 800w, https:\/\/igoan.eu\/wp-content\/uploads\/2025\/03\/DSCF4251-1200x800.jpg 1200w, https:\/\/igoan.eu\/wp-content\/uploads\/2025\/03\/DSCF4251.jpg 1920w\" sizes=\"(min-width: 2200px) 100vw, (min-width: 784px) 397px, (min-width: 712px) 595px, (min-width: 640px) 712px, \" \/><\/div><\/div><div style=\"padding:5px;\" class=\"fusion-grid-column fusion-gallery-column fusion-gallery-column-3 hover-type-zoomout\"><div class=\"fusion-gallery-image\"><img decoding=\"async\" src=\"https:\/\/igoan.eu\/wp-content\/uploads\/2025\/03\/DSCF4246.jpg\" width=\"1920\" height=\"1280\" alt=\"\" title=\"DSCF4246\" aria-label=\"DSCF4246\" class=\"img-responsive wp-image-694\" srcset=\"https:\/\/igoan.eu\/wp-content\/uploads\/2025\/03\/DSCF4246-200x133.jpg 200w, https:\/\/igoan.eu\/wp-content\/uploads\/2025\/03\/DSCF4246-400x267.jpg 400w, https:\/\/igoan.eu\/wp-content\/uploads\/2025\/03\/DSCF4246-600x400.jpg 600w, https:\/\/igoan.eu\/wp-content\/uploads\/2025\/03\/DSCF4246-800x533.jpg 800w, https:\/\/igoan.eu\/wp-content\/uploads\/2025\/03\/DSCF4246-1200x800.jpg 1200w, https:\/\/igoan.eu\/wp-content\/uploads\/2025\/03\/DSCF4246.jpg 1920w\" sizes=\"(min-width: 2200px) 100vw, (min-width: 784px) 397px, (min-width: 712px) 595px, (min-width: 640px) 712px, \" \/><\/div><\/div><div class=\"clearfix\"><\/div><div style=\"padding:5px;\" class=\"fusion-grid-column fusion-gallery-column fusion-gallery-column-3 hover-type-zoomout awb-gallery-item-hidden\"><div class=\"fusion-gallery-image\"><img decoding=\"async\" src=\"https:\/\/igoan.eu\/wp-content\/uploads\/2025\/03\/DSCF4228-scaled.jpg\" width=\"1707\" height=\"2560\" alt=\"\" title=\"DSCF4228\" aria-label=\"DSCF4228\" class=\"img-responsive wp-image-695\" srcset=\"https:\/\/igoan.eu\/wp-content\/uploads\/2025\/03\/DSCF4228-200x300.jpg 200w, https:\/\/igoan.eu\/wp-content\/uploads\/2025\/03\/DSCF4228-400x600.jpg 400w, https:\/\/igoan.eu\/wp-content\/uploads\/2025\/03\/DSCF4228-600x900.jpg 600w, https:\/\/igoan.eu\/wp-content\/uploads\/2025\/03\/DSCF4228-800x1200.jpg 800w, https:\/\/igoan.eu\/wp-content\/uploads\/2025\/03\/DSCF4228-1200x1800.jpg 1200w, https:\/\/igoan.eu\/wp-content\/uploads\/2025\/03\/DSCF4228-scaled.jpg 1707w\" sizes=\"(min-width: 2200px) 100vw, (min-width: 784px) 397px, (min-width: 712px) 595px, (min-width: 640px) 712px, \" \/><\/div><\/div><\/div><div class=\"fusion-loading-container fusion-clearfix awb-gallery-posts-loading-container\">\n\t\t\t\t<div class=\"fusion-loading-spinner\">\n\t\t\t\t\t<div class=\"fusion-spinner-1\"><\/div>\n\t\t\t\t\t<div class=\"fusion-spinner-2\"><\/div>\n\t\t\t\t\t<div class=\"fusion-spinner-3\"><\/div>\n\t\t\t\t<\/div><div class=\"fusion-loading-msg\"><em>Loading the next set of gallery items...<\/em><\/div><\/div><div class=\"awb-gallery-buttons\"><a href=\"#\" class=\"fusion-button button-flat button-default fusion-button-default-size awb-gallery-load-more-btn\">Cargar m\u00e1s<\/a><\/div><\/div><\/div><\/div><\/div><\/div>","protected":false},"excerpt":{"rendered":"","protected":false},"author":1,"featured_media":0,"parent":223,"menu_order":0,"comment_status":"closed","ping_status":"closed","template":"100-width.php","meta":{"footnotes":""},"yoast_head":"<!-- This site is optimized with the Yoast SEO plugin v22.7 - https:\/\/yoast.com\/wordpress\/plugins\/seo\/ -->\n<title>Galer\u00eda - igoan.eu<\/title>\n<meta name=\"description\" content=\"Explora nuestra galer\u00eda con im\u00e1genes de cuadros personalizados y proyectos de ingenier\u00eda ciclista. Dise\u00f1o y calidad artesanal en cada bicicleta. M\u00e1s informaci\u00f3n en Igoan\" \/>\n<meta name=\"robots\" content=\"index, follow, max-snippet:-1, max-image-preview:large, max-video-preview:-1\" \/>\n<link rel=\"canonical\" href=\"https:\/\/igoan.eu\/en\/ingenieria-de-la-bicicleta\/galeria\/\" \/>\n<meta property=\"og:locale\" content=\"en_GB\" \/>\n<meta property=\"og:type\" content=\"article\" \/>\n<meta property=\"og:title\" content=\"Galer\u00eda - igoan.eu\" \/>\n<meta property=\"og:description\" content=\"Explora nuestra galer\u00eda con im\u00e1genes de cuadros personalizados y proyectos de ingenier\u00eda ciclista. Dise\u00f1o y calidad artesanal en cada bicicleta. M\u00e1s informaci\u00f3n en Igoan\" \/>\n<meta property=\"og:url\" content=\"https:\/\/igoan.eu\/en\/ingenieria-de-la-bicicleta\/galeria\/\" \/>\n<meta property=\"og:site_name\" content=\"igoan.eu\" \/>\n<meta property=\"article:modified_time\" content=\"2025-03-10T12:53:53+00:00\" \/>\n<meta name=\"twitter:card\" content=\"summary_large_image\" \/>\n<meta name=\"twitter:label1\" content=\"Estimated reading time\" \/>\n\t<meta name=\"twitter:data1\" content=\"3 minutes\" \/>\n<script type=\"application\/ld+json\" class=\"yoast-schema-graph\">{\"@context\":\"https:\/\/schema.org\",\"@graph\":[{\"@type\":\"WebPage\",\"@id\":\"https:\/\/igoan.eu\/ingenieria-de-la-bicicleta\/galeria\/\",\"url\":\"https:\/\/igoan.eu\/ingenieria-de-la-bicicleta\/galeria\/\",\"name\":\"Galer\u00eda - igoan.eu\",\"isPartOf\":{\"@id\":\"https:\/\/igoan.eu\/#website\"},\"datePublished\":\"2024-03-13T10:36:35+00:00\",\"dateModified\":\"2025-03-10T12:53:53+00:00\",\"description\":\"Explora nuestra galer\u00eda con im\u00e1genes de cuadros personalizados y proyectos de ingenier\u00eda ciclista. Dise\u00f1o y calidad artesanal en cada bicicleta. M\u00e1s informaci\u00f3n en Igoan\",\"breadcrumb\":{\"@id\":\"https:\/\/igoan.eu\/ingenieria-de-la-bicicleta\/galeria\/#breadcrumb\"},\"inLanguage\":\"en-GB\",\"potentialAction\":[{\"@type\":\"ReadAction\",\"target\":[\"https:\/\/igoan.eu\/ingenieria-de-la-bicicleta\/galeria\/\"]}]},{\"@type\":\"BreadcrumbList\",\"@id\":\"https:\/\/igoan.eu\/ingenieria-de-la-bicicleta\/galeria\/#breadcrumb\",\"itemListElement\":[{\"@type\":\"ListItem\",\"position\":1,\"name\":\"Portada\",\"item\":\"https:\/\/igoan.eu\/\"},{\"@type\":\"ListItem\",\"position\":2,\"name\":\"Ingenier\u00eda de la bicicleta\",\"item\":\"https:\/\/igoan.eu\/ingenieria-de-la-bicicleta\/\"},{\"@type\":\"ListItem\",\"position\":3,\"name\":\"Galer\u00eda\"}]},{\"@type\":\"WebSite\",\"@id\":\"https:\/\/igoan.eu\/#website\",\"url\":\"https:\/\/igoan.eu\/\",\"name\":\"igoan.eu\",\"description\":\"Soluciones innovadoras en refrigeraci\u00f3n industrial, movilidad sostenible y electr\u00f3nica avanzada, con un enfoque en la eficiencia energ\u00e9tica y el software libre.\",\"publisher\":{\"@id\":\"https:\/\/igoan.eu\/#organization\"},\"alternateName\":\"Igoan Ingenier\u00eda Sostenible\",\"potentialAction\":[{\"@type\":\"SearchAction\",\"target\":{\"@type\":\"EntryPoint\",\"urlTemplate\":\"https:\/\/igoan.eu\/?s={search_term_string}\"},\"query-input\":\"required name=search_term_string\"}],\"inLanguage\":\"en-GB\"},{\"@type\":\"Organization\",\"@id\":\"https:\/\/igoan.eu\/#organization\",\"name\":\"Igoan\",\"alternateName\":\"Igoan\",\"url\":\"https:\/\/igoan.eu\/\",\"logo\":{\"@type\":\"ImageObject\",\"inLanguage\":\"en-GB\",\"@id\":\"https:\/\/igoan.eu\/#\/schema\/logo\/image\/\",\"url\":\"https:\/\/igoan.eu\/wp-content\/uploads\/2024\/01\/Captura-de-pantalla-2024-01-22-a-las-11.57.28.png\",\"contentUrl\":\"https:\/\/igoan.eu\/wp-content\/uploads\/2024\/01\/Captura-de-pantalla-2024-01-22-a-las-11.57.28.png\",\"width\":418,\"height\":150,\"caption\":\"Igoan\"},\"image\":{\"@id\":\"https:\/\/igoan.eu\/#\/schema\/logo\/image\/\"}}]}<\/script>\n<!-- \/ Yoast SEO plugin. -->","yoast_head_json":{"title":"Galer\u00eda - igoan.eu","description":"Explora nuestra galer\u00eda con im\u00e1genes de cuadros personalizados y proyectos de ingenier\u00eda ciclista. Dise\u00f1o y calidad artesanal en cada bicicleta. M\u00e1s informaci\u00f3n en Igoan","robots":{"index":"index","follow":"follow","max-snippet":"max-snippet:-1","max-image-preview":"max-image-preview:large","max-video-preview":"max-video-preview:-1"},"canonical":"https:\/\/igoan.eu\/en\/ingenieria-de-la-bicicleta\/galeria\/","og_locale":"en_GB","og_type":"article","og_title":"Galer\u00eda - igoan.eu","og_description":"Explora nuestra galer\u00eda con im\u00e1genes de cuadros personalizados y proyectos de ingenier\u00eda ciclista. Dise\u00f1o y calidad artesanal en cada bicicleta. M\u00e1s informaci\u00f3n en Igoan","og_url":"https:\/\/igoan.eu\/en\/ingenieria-de-la-bicicleta\/galeria\/","og_site_name":"igoan.eu","article_modified_time":"2025-03-10T12:53:53+00:00","twitter_card":"summary_large_image","twitter_misc":{"Estimated reading time":"3 minutes"},"schema":{"@context":"https:\/\/schema.org","@graph":[{"@type":"WebPage","@id":"https:\/\/igoan.eu\/ingenieria-de-la-bicicleta\/galeria\/","url":"https:\/\/igoan.eu\/ingenieria-de-la-bicicleta\/galeria\/","name":"Galer\u00eda - igoan.eu","isPartOf":{"@id":"https:\/\/igoan.eu\/#website"},"datePublished":"2024-03-13T10:36:35+00:00","dateModified":"2025-03-10T12:53:53+00:00","description":"Explora nuestra galer\u00eda con im\u00e1genes de cuadros personalizados y proyectos de ingenier\u00eda ciclista. Dise\u00f1o y calidad artesanal en cada bicicleta. M\u00e1s informaci\u00f3n en Igoan","breadcrumb":{"@id":"https:\/\/igoan.eu\/ingenieria-de-la-bicicleta\/galeria\/#breadcrumb"},"inLanguage":"en-GB","potentialAction":[{"@type":"ReadAction","target":["https:\/\/igoan.eu\/ingenieria-de-la-bicicleta\/galeria\/"]}]},{"@type":"BreadcrumbList","@id":"https:\/\/igoan.eu\/ingenieria-de-la-bicicleta\/galeria\/#breadcrumb","itemListElement":[{"@type":"ListItem","position":1,"name":"Portada","item":"https:\/\/igoan.eu\/"},{"@type":"ListItem","position":2,"name":"Ingenier\u00eda de la bicicleta","item":"https:\/\/igoan.eu\/ingenieria-de-la-bicicleta\/"},{"@type":"ListItem","position":3,"name":"Galer\u00eda"}]},{"@type":"WebSite","@id":"https:\/\/igoan.eu\/#website","url":"https:\/\/igoan.eu\/","name":"igoan.eu","description":"Soluciones innovadoras en refrigeraci\u00f3n industrial, movilidad sostenible y electr\u00f3nica avanzada, con un enfoque en la eficiencia energ\u00e9tica y el software libre.","publisher":{"@id":"https:\/\/igoan.eu\/#organization"},"alternateName":"Igoan Ingenier\u00eda Sostenible","potentialAction":[{"@type":"SearchAction","target":{"@type":"EntryPoint","urlTemplate":"https:\/\/igoan.eu\/?s={search_term_string}"},"query-input":"required name=search_term_string"}],"inLanguage":"en-GB"},{"@type":"Organization","@id":"https:\/\/igoan.eu\/#organization","name":"Igoan","alternateName":"Igoan","url":"https:\/\/igoan.eu\/","logo":{"@type":"ImageObject","inLanguage":"en-GB","@id":"https:\/\/igoan.eu\/#\/schema\/logo\/image\/","url":"https:\/\/igoan.eu\/wp-content\/uploads\/2024\/01\/Captura-de-pantalla-2024-01-22-a-las-11.57.28.png","contentUrl":"https:\/\/igoan.eu\/wp-content\/uploads\/2024\/01\/Captura-de-pantalla-2024-01-22-a-las-11.57.28.png","width":418,"height":150,"caption":"Igoan"},"image":{"@id":"https:\/\/igoan.eu\/#\/schema\/logo\/image\/"}}]}},"_links":{"self":[{"href":"https:\/\/igoan.eu\/en\/wp-json\/wp\/v2\/pages\/331"}],"collection":[{"href":"https:\/\/igoan.eu\/en\/wp-json\/wp\/v2\/pages"}],"about":[{"href":"https:\/\/igoan.eu\/en\/wp-json\/wp\/v2\/types\/page"}],"author":[{"embeddable":true,"href":"https:\/\/igoan.eu\/en\/wp-json\/wp\/v2\/users\/1"}],"replies":[{"embeddable":true,"href":"https:\/\/igoan.eu\/en\/wp-json\/wp\/v2\/comments?post=331"}],"version-history":[{"count":10,"href":"https:\/\/igoan.eu\/en\/wp-json\/wp\/v2\/pages\/331\/revisions"}],"predecessor-version":[{"id":721,"href":"https:\/\/igoan.eu\/en\/wp-json\/wp\/v2\/pages\/331\/revisions\/721"}],"up":[{"embeddable":true,"href":"https:\/\/igoan.eu\/en\/wp-json\/wp\/v2\/pages\/223"}],"wp:attachment":[{"href":"https:\/\/igoan.eu\/en\/wp-json\/wp\/v2\/media?parent=331"}],"curies":[{"name":"wp","href":"https:\/\/api.w.org\/{rel}","templated":true}]}}