{"id":376,"date":"2024-03-13T12:20:53","date_gmt":"2024-03-13T12:20:53","guid":{"rendered":"https:\/\/igoan.eu\/?page_id=376"},"modified":"2025-03-10T13:54:50","modified_gmt":"2025-03-10T12:54:50","slug":"contacto","status":"publish","type":"page","link":"https:\/\/igoan.eu\/en\/contacto\/","title":{"rendered":"Contact"},"content":{"rendered":"<p><div class=\"fusion-fullwidth fullwidth-box fusion-builder-row-1 fusion-flex-container nonhundred-percent-fullwidth non-hundred-percent-height-scrolling fusion-animated\" style=\"--awb-background-position:left top;--awb-background-blend-mode:screen;--awb-border-sizes-top:0px;--awb-border-sizes-bottom:0px;--awb-border-sizes-left:0px;--awb-border-sizes-right:0px;--awb-border-radius-top-left:0px;--awb-border-radius-top-right:0px;--awb-border-radius-bottom-right:0px;--awb-border-radius-bottom-left:0px;--awb-padding-top:20px;--awb-padding-right:0px;--awb-padding-bottom:88.641px;--awb-padding-left:0px;--awb-padding-top-medium:0px;--awb-padding-bottom-medium:0px;--awb-padding-top-small:0px;--awb-margin-top:0px;--awb-margin-bottom:0px;--awb-flex-wrap:wrap;\" data-animationtype=\"fadeInUp\" data-animationduration=\"1.3\" data-animationoffset=\"top-into-view\" ><div class=\"fusion-builder-row fusion-row fusion-flex-align-items-stretch fusion-flex-justify-content-center fusion-flex-content-wrap\" style=\"max-width:calc( 1200px + 0px );margin-left: calc(-0px \/ 2 );margin-right: calc(-0px \/ 2 );\"><div class=\"fusion-layout-column fusion_builder_column fusion-builder-column-0 fusion-flex-column fusion-animated\" style=\"--awb-overflow:hidden;--awb-bg-image:url(&#039;https:\/\/igoan.eu\/wp-content\/uploads\/2024\/03\/IMG_0691.jpeg&#039;);--awb-bg-position:center center;--awb-bg-blend:multiply;--awb-bg-size:cover;--awb-border-radius:9px 0px 0px 9px;--awb-filter:saturate(0%);--awb-filter-transition:filter 0.3s ease;--awb-filter-hover:saturate(0%);--awb-width-large:45%;--awb-margin-top-large:0px;--awb-spacing-right-large:calc( 0.04 * calc( 100% - 0 ) );--awb-margin-bottom-large:0px;--awb-spacing-left-large:0;--awb-width-medium:45%;--awb-order-medium:0;--awb-spacing-right-medium:calc( 0.04 * calc( 100% - 0 ) );--awb-spacing-left-medium:0;--awb-width-small:100%;--awb-order-small:0;--awb-spacing-right-small:0;--awb-spacing-left-small:0;\" data-animationtype=\"fadeInUp\" data-animationduration=\"1.3\" data-animationoffset=\"top-into-view\"><div class=\"fusion-column-wrapper fusion-column-has-shadow fusion-flex-justify-content-flex-end fusion-content-layout-column fusion-column-has-bg-image\" data-bg-url=\"https:\/\/igoan.eu\/wp-content\/uploads\/2024\/03\/IMG_0691.jpeg\"><div class=\"fusion-separator fusion-no-medium-visibility fusion-no-large-visibility fusion-full-width-sep\" style=\"align-self: center;margin-left: auto;margin-right: auto;margin-bottom:20vh;width:100%;\"><div class=\"fusion-separator-border sep-double\" style=\"--awb-height:20px;--awb-amount:20px;border-color:var(--awb-color3);border-top-width:0px;border-bottom-width:0px;\"><\/div><\/div><\/div><\/div><div class=\"fusion-layout-column fusion_builder_column fusion-builder-column-1 fusion-flex-column fusion-animated\" style=\"--awb-padding-top:3vw;--awb-padding-right:82.219px;--awb-padding-bottom:4vw;--awb-padding-left:82.219px;--awb-padding-top-small:0px;--awb-padding-right-small:90px;--awb-padding-bottom-small:0px;--awb-padding-left-small:90px;--awb-overflow:hidden;--awb-bg-color:var(--awb-color1);--awb-bg-color-hover:var(--awb-color1);--awb-bg-size:cover;--awb-border-radius:0px 9px 9px 0px;--awb-width-large:55%;--awb-margin-top-large:0px;--awb-spacing-right-large:0;--awb-margin-bottom-large:0px;--awb-spacing-left-large:calc( 0.04 * calc( 100% - 0 ) );--awb-width-medium:55%;--awb-order-medium:0;--awb-spacing-right-medium:0;--awb-spacing-left-medium:calc( 0.04 * calc( 100% - 0 ) );--awb-width-small:100%;--awb-order-small:1;--awb-spacing-right-small:0;--awb-spacing-left-small:0;\" data-animationtype=\"fadeInUp\" data-animationduration=\"1.3\" data-animationoffset=\"top-into-view\"><div class=\"fusion-column-wrapper fusion-column-has-shadow fusion-flex-justify-content-flex-start fusion-content-layout-column\"><div class=\"fusion-separator fusion-full-width-sep\" style=\"align-self: center;margin-left: auto;margin-right: auto;margin-bottom:40px;width:100%;\"><\/div><div class=\"fusion-builder-row fusion-builder-row-inner fusion-row fusion-flex-align-items-stretch fusion-flex-justify-content-center fusion-flex-content-wrap\" style=\"width:calc( 100% + 0px ) !important;max-width:calc( 100% + 0px ) !important;margin-left: calc(-0px \/ 2 );margin-right: calc(-0px \/ 2 );\"><div class=\"fusion-layout-column fusion_builder_column_inner fusion-builder-nested-column-0 fusion_builder_column_inner_1_1 1_1 fusion-flex-column\" style=\"--awb-bg-size:cover;--awb-width-large:100%;--awb-margin-top-large:0px;--awb-spacing-right-large:0;--awb-margin-bottom-large:0px;--awb-spacing-left-large:0;--awb-width-medium:100%;--awb-order-medium:0;--awb-spacing-right-medium:0;--awb-spacing-left-medium:0;--awb-width-small:100%;--awb-order-small:0;--awb-spacing-right-small:0;--awb-spacing-left-small:0;\"><div class=\"fusion-column-wrapper fusion-column-has-shadow fusion-flex-justify-content-flex-start fusion-content-layout-column\"><div class=\"fusion-title title fusion-title-1 fusion-sep-none fusion-title-center fusion-title-text fusion-title-size-two\" style=\"--awb-text-color:var(--awb-color8);--awb-margin-bottom:25px;\"><h2 class=\"fusion-title-heading title-heading-center fusion-responsive-typography-calculated\" style=\"margin:0;--fontSize:48;line-height:var(--awb-typography1-line-height);\">Contact with us<\/h2><\/div><div class=\"fusion-form fusion-form-builder fusion-form-form-wrapper fusion-form-381\" style=\"--awb-tooltip-text-color:var(--awb-color1);--awb-tooltip-background-color:var(--awb-color8);--awb-form-bg-color:var(--awb-color1);--awb-form-placeholder-color:hsla(var(--awb-color8-h),var(--awb-color8-s),var(--awb-color8-l),calc(var(--awb-color8-a) - 30%));--awb-form-text-color:var(--awb-color8);--awb-form-label-color:var(--awb-color8);--awb-form-border-color:hsla(var(--awb-color3-h),calc(var(--awb-color3-s) - 100%),var(--awb-color3-l),var(--awb-color3-a));--awb-form-focus-border-color:var(--awb-color4);--awb-form-focus-border-hover-color:hsla(var(--awb-color4-h),var(--awb-color4-s),var(--awb-color4-l),calc(var(--awb-color4-a) - 50%));\" data-form-id=\"381\" data-config=\"{&quot;form_id&quot;:&quot;381&quot;,&quot;form_post_id&quot;:&quot;381&quot;,&quot;post_id&quot;:376,&quot;form_type&quot;:&quot;ajax&quot;,&quot;confirmation_type&quot;:&quot;message&quot;,&quot;redirect_url&quot;:&quot;&quot;,&quot;field_labels&quot;:{&quot;name&quot;:&quot;&quot;,&quot;email&quot;:&quot;&quot;,&quot;phone&quot;:&quot;&quot;,&quot;&quot;:&quot;&quot;},&quot;field_logics&quot;:{&quot;name&quot;:&quot;&quot;,&quot;email&quot;:&quot;&quot;,&quot;phone&quot;:&quot;&quot;,&quot;&quot;:&quot;&quot;,&quot;notice_1&quot;:&quot;&quot;},&quot;field_types&quot;:{&quot;name&quot;:&quot;text&quot;,&quot;email&quot;:&quot;email&quot;,&quot;phone&quot;:&quot;phone_number&quot;,&quot;&quot;:&quot;textarea&quot;,&quot;submit_1&quot;:&quot;submit&quot;,&quot;notice_1&quot;:&quot;notice&quot;},&quot;nonce_method&quot;:&quot;ajax&quot;}\"><form action=\"https:\/\/igoan.eu\/en\/contacto\/\" method=\"post\" class=\"fusion-form fusion-form-381\" data-trp-original-action=\"https:\/\/igoan.eu\/en\/contacto\/\"><div class=\"fusion-fullwidth fullwidth-box fusion-builder-row-1-1 fusion-flex-container nonhundred-percent-fullwidth non-hundred-percent-height-scrolling\" style=\"--awb-border-sizes-top:0px;--awb-border-sizes-bottom:0px;--awb-border-sizes-left:0px;--awb-border-sizes-right:0px;--awb-border-radius-top-left:0px;--awb-border-radius-top-right:0px;--awb-border-radius-bottom-right:0px;--awb-border-radius-bottom-left:0px;--awb-padding-top:0px;--awb-padding-right:0px;--awb-padding-bottom:0px;--awb-padding-left:0px;--awb-margin-top:0px;--awb-margin-bottom:0px;--awb-flex-wrap:wrap;\" ><div class=\"fusion-builder-row fusion-row fusion-flex-align-items-center fusion-flex-content-wrap\" style=\"width:calc( 100% + 15px ) !important;max-width:calc( 100% + 15px ) !important;margin-left: calc(-15px \/ 2 );margin-right: calc(-15px \/ 2 );\"><div class=\"fusion-layout-column fusion_builder_column fusion-builder-column-2 fusion_builder_column_1_2 1_2 fusion-flex-column\" style=\"--awb-bg-size:cover;--awb-width-large:50%;--awb-margin-top-large:0px;--awb-spacing-right-large:calc( 0.04 * calc( 100% - 15px ) );--awb-margin-bottom-large:0px;--awb-spacing-left-large:7.5px;--awb-width-medium:50%;--awb-order-medium:0;--awb-spacing-right-medium:calc( 0.04 * calc( 100% - 15px ) );--awb-spacing-left-medium:7.5px;--awb-width-small:100%;--awb-order-small:0;--awb-spacing-right-small:7.5px;--awb-spacing-left-small:7.5px;\"><div class=\"fusion-column-wrapper fusion-column-has-shadow fusion-flex-justify-content-flex-start fusion-content-layout-column\"><div class=\"fusion-form-field fusion-form-text-field fusion-form-label-above\" style=\"\" data-form-id=\"381\"><input type=\"text\" name=\"name\" id=\"name\" value=\"\"  class=\"fusion-form-input\" required=\"true\" aria-required=\"true\" placeholder=\"Name*\" data-holds-private-data=\"false\" minlength=\"0\"\/><\/div><\/div><\/div><div class=\"fusion-layout-column fusion_builder_column fusion-builder-column-3 fusion_builder_column_1_2 1_2 fusion-flex-column\" style=\"--awb-bg-size:cover;--awb-width-large:50%;--awb-margin-top-large:0px;--awb-spacing-right-large:7.5px;--awb-margin-bottom-large:0px;--awb-spacing-left-large:calc( 0.04 * calc( 100% - 15px ) );--awb-width-medium:50%;--awb-order-medium:0;--awb-spacing-right-medium:7.5px;--awb-spacing-left-medium:calc( 0.04 * calc( 100% - 15px ) );--awb-width-small:100%;--awb-order-small:0;--awb-spacing-right-small:7.5px;--awb-spacing-left-small:7.5px;\"><div class=\"fusion-column-wrapper fusion-column-has-shadow fusion-flex-justify-content-flex-start fusion-content-layout-column\"><div class=\"fusion-form-field fusion-form-email-field fusion-form-label-above\" style=\"\" data-form-id=\"381\"><input type=\"email\" name=\"email\" id=\"email\" value=\"\"  class=\"fusion-form-input\" required=\"true\" aria-required=\"true\" placeholder=\"Email*\" data-holds-private-data=\"false\"\/><\/div><\/div><\/div><div class=\"fusion-layout-column fusion_builder_column fusion-builder-column-4 fusion_builder_column_1_1 1_1 fusion-flex-column\" style=\"--awb-bg-size:cover;--awb-width-large:100%;--awb-margin-top-large:0px;--awb-spacing-right-large:7.5px;--awb-margin-bottom-large:0px;--awb-spacing-left-large:7.5px;--awb-width-medium:100%;--awb-order-medium:0;--awb-spacing-right-medium:7.5px;--awb-spacing-left-medium:7.5px;--awb-width-small:100%;--awb-order-small:0;--awb-spacing-right-small:7.5px;--awb-spacing-left-small:7.5px;\"><div class=\"fusion-column-wrapper fusion-column-has-shadow fusion-flex-justify-content-flex-start fusion-content-layout-column\"><div class=\"fusion-form-field fusion-form-phone-number-field fusion-form-label-above\" style=\"\" data-form-id=\"381\"><div class=\"fusion-form-input-with-icon\"><i class=\"awb-form-icon mechanic-mobile\"><\/i><input type=\"tel\" name=\"phone\" id=\"phone\" value=\"\"  class=\"fusion-form-input\" placeholder=\"Telephone number\" data-holds-private-data=\"false\"\/><\/div><\/div><\/div><\/div><div class=\"fusion-layout-column fusion_builder_column fusion-builder-column-5 fusion_builder_column_1_1 1_1 fusion-flex-column\" style=\"--awb-bg-size:cover;--awb-width-large:100%;--awb-margin-top-large:0px;--awb-spacing-right-large:7.5px;--awb-margin-bottom-large:0px;--awb-spacing-left-large:7.5px;--awb-width-medium:100%;--awb-order-medium:0;--awb-spacing-right-medium:7.5px;--awb-spacing-left-medium:7.5px;--awb-width-small:100%;--awb-order-small:0;--awb-spacing-right-small:7.5px;--awb-spacing-left-small:7.5px;\"><div class=\"fusion-column-wrapper fusion-column-has-shadow fusion-flex-justify-content-flex-start fusion-content-layout-column\"><div class=\"fusion-form-field fusion-form-textarea-field fusion-form-label-above\" style=\"\" data-form-id=\"381\"><textarea cols=\"40\"  minlength=\"0\"  rows=\"4\" tabindex=\"\" id=\"\" name=\"\" class=\"fusion-form-input\" placeholder=\"Message\" data-holds-private-data=\"false\"><\/textarea><\/div><\/div><\/div><div class=\"fusion-layout-column fusion_builder_column fusion-builder-column-6 fusion_builder_column_1_1 1_1 fusion-flex-column\" style=\"--awb-bg-size:cover;--awb-width-large:100%;--awb-margin-top-large:0px;--awb-spacing-right-large:7.5px;--awb-margin-bottom-large:20px;--awb-spacing-left-large:7.5px;--awb-width-medium:100%;--awb-order-medium:0;--awb-spacing-right-medium:7.5px;--awb-spacing-left-medium:7.5px;--awb-width-small:100%;--awb-order-small:0;--awb-spacing-right-small:7.5px;--awb-spacing-left-small:7.5px;\"><div class=\"fusion-column-wrapper fusion-column-has-shadow fusion-flex-justify-content-flex-start fusion-content-layout-column\"><div class=\"fusion-form-field fusion-form-submit-field fusion-form-label-above appointment-btn\" style=\"\" data-form-id=\"381\"><div ><button type=\"submit\" class=\"fusion-button button-flat fusion-button-default-size button-default fusion-button-default button-1 fusion-button-span-yes appointment-btn form-form-submit button-default\" style=\"--button-border-radius-top-left:4px;--button-border-radius-top-right:4px;--button-border-radius-bottom-right:4px;--button-border-radius-bottom-left:4px;--button_text_transform:var(--awb-typography3-text-transform);--button_font_size:18px;--button_line_height:var(--awb-typography3-line-height);--button_padding-top:20px;--button_padding-bottom:20px;--button_typography-letter-spacing:var(--awb-typography3-letter-spacing);--button_typography-font-family:var(--awb-typography3-font-family);--button_typography-font-weight:var(--awb-typography3-font-weight);--button_typography-font-style:var(--awb-typography3-font-style);\" data-form-number=\"381\" tabindex=\"\"><span class=\"fusion-button-text\">Enviar<\/span><\/button><\/div><\/div><\/div><\/div><div class=\"fusion-layout-column fusion_builder_column fusion-builder-column-7 fusion_builder_column_1_1 1_1 fusion-flex-column\" style=\"--awb-bg-size:cover;--awb-width-large:100%;--awb-margin-top-large:0px;--awb-spacing-right-large:7.5px;--awb-margin-bottom-large:0px;--awb-spacing-left-large:7.5px;--awb-width-medium:100%;--awb-order-medium:0;--awb-spacing-right-medium:7.5px;--awb-spacing-left-medium:7.5px;--awb-width-small:100%;--awb-order-small:0;--awb-spacing-right-small:7.5px;--awb-spacing-left-small:7.5px;\"><div class=\"fusion-column-wrapper fusion-column-has-shadow fusion-flex-justify-content-flex-start fusion-content-layout-column\"><div class=\"form-submission-notices data-notice_1\" id=\"fusion-notices-1\"><div class=\"fusion-alert alert success alert-success fusion-alert-center fusion-form-response fusion-form-response-success awb-alert-native-link-color alert-dismissable awb-alert-close-boxed\" role=\"alert\"><div class=\"fusion-alert-content-wrapper\"><span class=\"alert-icon\"><i class=\"awb-icon-check-circle\" aria-hidden=\"true\"><\/i><\/span><span class=\"fusion-alert-content\">Thank you for your message. It has been sent.<\/span><\/div><button type=\"button\" class=\"close toggle-alert\" data-dismiss=\"alert\" aria-label=\"Close\">&times;<\/button><\/div><div class=\"fusion-alert alert error alert-danger fusion-alert-center fusion-form-response fusion-form-response-error awb-alert-native-link-color alert-dismissable awb-alert-close-boxed\" role=\"alert\"><div class=\"fusion-alert-content-wrapper\"><span class=\"alert-icon\"><i class=\"awb-icon-exclamation-triangle\" aria-hidden=\"true\"><\/i><\/span><span class=\"fusion-alert-content\">An error occurred while trying to send your message. Please try again later.<\/span><\/div><button type=\"button\" class=\"close toggle-alert\" data-dismiss=\"alert\" aria-label=\"Close\">&times;<\/button><\/div><\/div><\/div><\/div><\/div><\/div><input type=\"hidden\" name=\"trp-form-language\" value=\"en\"\/><\/form><\/div><\/div><\/div><\/div><\/div><\/div><\/div><\/div><div class=\"fusion-fullwidth fullwidth-box fusion-builder-row-2 fusion-flex-container has-pattern-background has-mask-background hundred-percent-fullwidth non-hundred-percent-height-scrolling\" style=\"--awb-border-radius-top-left:0px;--awb-border-radius-top-right:0px;--awb-border-radius-bottom-right:0px;--awb-border-radius-bottom-left:0px;--awb-flex-wrap:wrap;\" ><div class=\"fusion-builder-row fusion-row fusion-flex-align-items-flex-start fusion-flex-content-wrap\" style=\"width:104% !important;max-width:104% !important;margin-left: calc(-4% \/ 2 );margin-right: calc(-4% \/ 2 );\"><div class=\"fusion-layout-column fusion_builder_column fusion-builder-column-8 fusion_builder_column_1_1 1_1 fusion-flex-column\" style=\"--awb-bg-size:cover;--awb-width-large:100%;--awb-margin-top-large:0px;--awb-spacing-right-large:0;--awb-margin-bottom-large:20px;--awb-spacing-left-large:0;--awb-width-medium:100%;--awb-order-medium:0;--awb-spacing-right-medium:0;--awb-spacing-left-medium:0;--awb-width-small:100%;--awb-order-small:0;--awb-spacing-right-small:1.92%;--awb-spacing-left-small:1.92%;\"><div class=\"fusion-column-wrapper fusion-column-has-shadow fusion-flex-justify-content-flex-start fusion-content-layout-column\"><div style=\"--awb-height:500px;--awb-popup-title-font-size:18px;--awb-popup-title-line-height:var(--awb-typography1-line-height);--awb-popup-title-letter-spacing:var(--awb-typography1-letter-spacing);--awb-popup-title-text-transform:var(--awb-typography1-text-transform);--awb-popup-title-margin-top:0px;--awb-popup-title-margin-bottom:10px;--awb-popup-title-font-family:var(--awb-typography1-font-family);--awb-popup-title-font-weight:var(--awb-typography1-font-weight);--awb-popup-title-font-style:var(--awb-typography1-font-style);\" class=\"awb-openstreet-map awb-openstreet-map-1\" data-map-style=\"carto-db\" data-map-type=\"marker\" data-zoom=\"15\" data-zoomsnap=\"1.0\" data-zoomcontrol=\"1\" data-scrollwheelzoom=\"1\" data-dragging=\"1\" data-touchzoom=\"1\" data-dbclickzoom=\"1\" data-fitbounds=\"1\" data-shape-color=\"rgba(25,143,217,1)\" data-shape-weight=\"3\"><div class=\"awb-openstreet-map-marker awb-openstreet-map-marker-1\" data-latitude=\"36.791928\" data-longitude=\"-2.844689\" data-icon=\"fa-map-marker-alt fas\" data-action=\"popup\"><div class=\"awb-openstreet-map-marker-icon-wrapper awb-openstreet-map-marker-anim-pumping\" style=\"--awb-size:27px;--awb-background-color:var(--awb-custom_color_2);--awb-hover-background-color:hsla(var(--awb-custom_color_5-h),var(--awb-custom_color_5-s),calc(var(--awb-custom_color_5-l) + 10%),var(--awb-custom_color_5-a));\"><i class=\"fa-map-marker-alt fas\"><\/i><\/div><div class=\"awb-openstreet-map-content-wrapper\"><h5 class=\"awb-openstreet-map-marker-title\">Igoan<\/h5><\/div><\/div><\/div><\/div><\/div><\/div><\/div><\/p>","protected":false},"excerpt":{"rendered":"","protected":false},"author":1,"featured_media":0,"parent":0,"menu_order":0,"comment_status":"closed","ping_status":"closed","template":"100-width.php","meta":{"footnotes":""},"yoast_head":"<!-- This site is optimized with the Yoast SEO plugin v22.7 - https:\/\/yoast.com\/wordpress\/plugins\/seo\/ -->\n<title>Contacto - igoan.eu<\/title>\n<meta name=\"description\" content=\"Env\u00edanos tu consulta o pregunta. En Igoan estamos aqu\u00ed para ayudarte a resolver cualquier duda. Cont\u00e1ctanos ahora en Igoan\" \/>\n<meta name=\"robots\" content=\"index, follow, max-snippet:-1, max-image-preview:large, max-video-preview:-1\" \/>\n<link rel=\"canonical\" href=\"https:\/\/igoan.eu\/en\/contacto\/\" \/>\n<meta property=\"og:locale\" content=\"en_GB\" \/>\n<meta property=\"og:type\" content=\"article\" \/>\n<meta property=\"og:title\" content=\"Contacto - igoan.eu\" \/>\n<meta property=\"og:description\" content=\"Env\u00edanos tu consulta o pregunta. En Igoan estamos aqu\u00ed para ayudarte a resolver cualquier duda. Cont\u00e1ctanos ahora en Igoan\" \/>\n<meta property=\"og:url\" content=\"https:\/\/igoan.eu\/en\/contacto\/\" \/>\n<meta property=\"og:site_name\" content=\"igoan.eu\" \/>\n<meta property=\"article:modified_time\" content=\"2025-03-10T12:54:50+00:00\" \/>\n<meta name=\"twitter:card\" content=\"summary_large_image\" \/>\n<meta name=\"twitter:label1\" content=\"Estimated reading time\" \/>\n\t<meta name=\"twitter:data1\" content=\"1 minute\" \/>\n<script type=\"application\/ld+json\" class=\"yoast-schema-graph\">{\"@context\":\"https:\/\/schema.org\",\"@graph\":[{\"@type\":\"WebPage\",\"@id\":\"https:\/\/igoan.eu\/contacto\/\",\"url\":\"https:\/\/igoan.eu\/contacto\/\",\"name\":\"Contacto - igoan.eu\",\"isPartOf\":{\"@id\":\"https:\/\/igoan.eu\/#website\"},\"datePublished\":\"2024-03-13T12:20:53+00:00\",\"dateModified\":\"2025-03-10T12:54:50+00:00\",\"description\":\"Env\u00edanos tu consulta o pregunta. En Igoan estamos aqu\u00ed para ayudarte a resolver cualquier duda. Cont\u00e1ctanos ahora en Igoan\",\"breadcrumb\":{\"@id\":\"https:\/\/igoan.eu\/contacto\/#breadcrumb\"},\"inLanguage\":\"en-GB\",\"potentialAction\":[{\"@type\":\"ReadAction\",\"target\":[\"https:\/\/igoan.eu\/contacto\/\"]}]},{\"@type\":\"BreadcrumbList\",\"@id\":\"https:\/\/igoan.eu\/contacto\/#breadcrumb\",\"itemListElement\":[{\"@type\":\"ListItem\",\"position\":1,\"name\":\"Portada\",\"item\":\"https:\/\/igoan.eu\/\"},{\"@type\":\"ListItem\",\"position\":2,\"name\":\"Contacto\"}]},{\"@type\":\"WebSite\",\"@id\":\"https:\/\/igoan.eu\/#website\",\"url\":\"https:\/\/igoan.eu\/\",\"name\":\"igoan.eu\",\"description\":\"Soluciones innovadoras en refrigeraci\u00f3n industrial, movilidad sostenible y electr\u00f3nica avanzada, con un enfoque en la eficiencia energ\u00e9tica y el software libre.\",\"publisher\":{\"@id\":\"https:\/\/igoan.eu\/#organization\"},\"alternateName\":\"Igoan Ingenier\u00eda Sostenible\",\"potentialAction\":[{\"@type\":\"SearchAction\",\"target\":{\"@type\":\"EntryPoint\",\"urlTemplate\":\"https:\/\/igoan.eu\/?s={search_term_string}\"},\"query-input\":\"required name=search_term_string\"}],\"inLanguage\":\"en-GB\"},{\"@type\":\"Organization\",\"@id\":\"https:\/\/igoan.eu\/#organization\",\"name\":\"Igoan\",\"alternateName\":\"Igoan\",\"url\":\"https:\/\/igoan.eu\/\",\"logo\":{\"@type\":\"ImageObject\",\"inLanguage\":\"en-GB\",\"@id\":\"https:\/\/igoan.eu\/#\/schema\/logo\/image\/\",\"url\":\"https:\/\/igoan.eu\/wp-content\/uploads\/2024\/01\/Captura-de-pantalla-2024-01-22-a-las-11.57.28.png\",\"contentUrl\":\"https:\/\/igoan.eu\/wp-content\/uploads\/2024\/01\/Captura-de-pantalla-2024-01-22-a-las-11.57.28.png\",\"width\":418,\"height\":150,\"caption\":\"Igoan\"},\"image\":{\"@id\":\"https:\/\/igoan.eu\/#\/schema\/logo\/image\/\"}}]}<\/script>\n<!-- \/ Yoast SEO plugin. -->","yoast_head_json":{"title":"Contacto - igoan.eu","description":"Env\u00edanos tu consulta o pregunta. En Igoan estamos aqu\u00ed para ayudarte a resolver cualquier duda. Cont\u00e1ctanos ahora en Igoan","robots":{"index":"index","follow":"follow","max-snippet":"max-snippet:-1","max-image-preview":"max-image-preview:large","max-video-preview":"max-video-preview:-1"},"canonical":"https:\/\/igoan.eu\/en\/contacto\/","og_locale":"en_GB","og_type":"article","og_title":"Contacto - igoan.eu","og_description":"Env\u00edanos tu consulta o pregunta. En Igoan estamos aqu\u00ed para ayudarte a resolver cualquier duda. Cont\u00e1ctanos ahora en Igoan","og_url":"https:\/\/igoan.eu\/en\/contacto\/","og_site_name":"igoan.eu","article_modified_time":"2025-03-10T12:54:50+00:00","twitter_card":"summary_large_image","twitter_misc":{"Estimated reading time":"1 minute"},"schema":{"@context":"https:\/\/schema.org","@graph":[{"@type":"WebPage","@id":"https:\/\/igoan.eu\/contacto\/","url":"https:\/\/igoan.eu\/contacto\/","name":"Contacto - igoan.eu","isPartOf":{"@id":"https:\/\/igoan.eu\/#website"},"datePublished":"2024-03-13T12:20:53+00:00","dateModified":"2025-03-10T12:54:50+00:00","description":"Env\u00edanos tu consulta o pregunta. En Igoan estamos aqu\u00ed para ayudarte a resolver cualquier duda. Cont\u00e1ctanos ahora en Igoan","breadcrumb":{"@id":"https:\/\/igoan.eu\/contacto\/#breadcrumb"},"inLanguage":"en-GB","potentialAction":[{"@type":"ReadAction","target":["https:\/\/igoan.eu\/contacto\/"]}]},{"@type":"BreadcrumbList","@id":"https:\/\/igoan.eu\/contacto\/#breadcrumb","itemListElement":[{"@type":"ListItem","position":1,"name":"Portada","item":"https:\/\/igoan.eu\/"},{"@type":"ListItem","position":2,"name":"Contacto"}]},{"@type":"WebSite","@id":"https:\/\/igoan.eu\/#website","url":"https:\/\/igoan.eu\/","name":"igoan.eu","description":"Soluciones innovadoras en refrigeraci\u00f3n industrial, movilidad sostenible y electr\u00f3nica avanzada, con un enfoque en la eficiencia energ\u00e9tica y el software libre.","publisher":{"@id":"https:\/\/igoan.eu\/#organization"},"alternateName":"Igoan Ingenier\u00eda Sostenible","potentialAction":[{"@type":"SearchAction","target":{"@type":"EntryPoint","urlTemplate":"https:\/\/igoan.eu\/?s={search_term_string}"},"query-input":"required name=search_term_string"}],"inLanguage":"en-GB"},{"@type":"Organization","@id":"https:\/\/igoan.eu\/#organization","name":"Igoan","alternateName":"Igoan","url":"https:\/\/igoan.eu\/","logo":{"@type":"ImageObject","inLanguage":"en-GB","@id":"https:\/\/igoan.eu\/#\/schema\/logo\/image\/","url":"https:\/\/igoan.eu\/wp-content\/uploads\/2024\/01\/Captura-de-pantalla-2024-01-22-a-las-11.57.28.png","contentUrl":"https:\/\/igoan.eu\/wp-content\/uploads\/2024\/01\/Captura-de-pantalla-2024-01-22-a-las-11.57.28.png","width":418,"height":150,"caption":"Igoan"},"image":{"@id":"https:\/\/igoan.eu\/#\/schema\/logo\/image\/"}}]}},"_links":{"self":[{"href":"https:\/\/igoan.eu\/en\/wp-json\/wp\/v2\/pages\/376"}],"collection":[{"href":"https:\/\/igoan.eu\/en\/wp-json\/wp\/v2\/pages"}],"about":[{"href":"https:\/\/igoan.eu\/en\/wp-json\/wp\/v2\/types\/page"}],"author":[{"embeddable":true,"href":"https:\/\/igoan.eu\/en\/wp-json\/wp\/v2\/users\/1"}],"replies":[{"embeddable":true,"href":"https:\/\/igoan.eu\/en\/wp-json\/wp\/v2\/comments?post=376"}],"version-history":[{"count":11,"href":"https:\/\/igoan.eu\/en\/wp-json\/wp\/v2\/pages\/376\/revisions"}],"predecessor-version":[{"id":723,"href":"https:\/\/igoan.eu\/en\/wp-json\/wp\/v2\/pages\/376\/revisions\/723"}],"wp:attachment":[{"href":"https:\/\/igoan.eu\/en\/wp-json\/wp\/v2\/media?parent=376"}],"curies":[{"name":"wp","href":"https:\/\/api.w.org\/{rel}","templated":true}]}}