{"id":407,"date":"2024-03-14T13:53:28","date_gmt":"2024-03-14T13:53:28","guid":{"rendered":"https:\/\/igoan.eu\/?page_id=407"},"modified":"2025-02-21T15:02:37","modified_gmt":"2025-02-21T14:02:37","slug":"inicio-v2","status":"publish","type":"page","link":"https:\/\/igoan.eu\/en\/inicio-v2\/","title":{"rendered":"Solicitud de contacto"},"content":{"rendered":"<div class=\"fusion-fullwidth fullwidth-box fusion-builder-row-1 fusion-flex-container has-pattern-background has-mask-background nonhundred-percent-fullwidth non-hundred-percent-height-scrolling\" style=\"--awb-border-radius-top-left:0px;--awb-border-radius-top-right:0px;--awb-border-radius-bottom-right:0px;--awb-border-radius-bottom-left:0px;--awb-flex-wrap:wrap;\" ><div class=\"fusion-builder-row fusion-row fusion-flex-align-items-flex-start fusion-flex-content-wrap\" style=\"max-width:1248px;margin-left: calc(-4% \/ 2 );margin-right: calc(-4% \/ 2 );\"><div class=\"fusion-layout-column fusion_builder_column fusion-builder-column-0 fusion_builder_column_5_6 5_6 fusion-flex-column\" style=\"--awb-bg-size:cover;--awb-width-large:83.333333333333%;--awb-margin-top-large:0px;--awb-spacing-right-large:2.304%;--awb-margin-bottom-large:20px;--awb-spacing-left-large:2.304%;--awb-width-medium:83.333333333333%;--awb-order-medium:0;--awb-spacing-right-medium:2.304%;--awb-spacing-left-medium:2.304%;--awb-width-small:100%;--awb-order-small:0;--awb-spacing-right-small:1.92%;--awb-spacing-left-small:1.92%;\"><div class=\"fusion-column-wrapper fusion-column-has-shadow fusion-flex-justify-content-flex-start fusion-content-layout-column\"><div class=\"fusion-text fusion-text-1\" style=\"--awb-font-size:20px;--awb-text-font-family:&quot;Poppins&quot;;--awb-text-font-style:normal;--awb-text-font-weight:400;\"><p>Igoan, engineering services specialising in different sectors,<br \/>\nmainly industrial refrigeration, cycle mobility, free software,<br \/>\nelectronic and training services and documentary support services.<\/p>\n<p>Based in the province of Almeria, we have the possibility to move all over the country.<br \/>\nthe national territory and even internationally, with experience in the realisation of<br \/>\nof work in Morocco and Senegal.<\/p>\n<p>Igoan carries out engineering concerned with the current situation, with a climate<br \/>\nincreasingly unstable, requiring a rethinking of the points of departure and the<br \/>\nof projects, taking into account the different factors that can<br \/>\naffect them.<\/p>\n<p>Energy and mobility are two of the issues that most concern us, and therefore<br \/>\nWe are particularly concerned when we develop projects in these areas.<br \/>\nareas.<\/p>\n<p>Another point of interest is social and legacy engagement<br \/>\nheritage of humanity and, for this reason, we are committed to the<br \/>\nwith free software, both in the use of free tools,<br \/>\nas well as with the community itself.<\/p>\n<\/div><\/div><\/div><div class=\"fusion-layout-column fusion_builder_column fusion-builder-column-1 fusion_builder_column_1_6 1_6 fusion-flex-column fusion-flex-align-self-center\" style=\"--awb-bg-size:cover;--awb-width-large:16.666666666667%;--awb-margin-top-large:0px;--awb-spacing-right-large:11.52%;--awb-margin-bottom-large:20px;--awb-spacing-left-large:11.52%;--awb-width-medium:16.666666666667%;--awb-order-medium:0;--awb-spacing-right-medium:11.52%;--awb-spacing-left-medium:11.52%;--awb-width-small:100%;--awb-order-small:0;--awb-spacing-right-small:1.92%;--awb-spacing-left-small:1.92%;\" data-motion-effects=\"[{&quot;type&quot;:&quot;&quot;,&quot;scroll_type&quot;:&quot;transition&quot;,&quot;scroll_direction&quot;:&quot;up&quot;,&quot;transition_speed&quot;:&quot;1&quot;,&quot;fade_type&quot;:&quot;in&quot;,&quot;scale_type&quot;:&quot;up&quot;,&quot;initial_scale&quot;:&quot;1&quot;,&quot;max_scale&quot;:&quot;1.5&quot;,&quot;min_scale&quot;:&quot;0.5&quot;,&quot;initial_rotate&quot;:&quot;0&quot;,&quot;end_rotate&quot;:&quot;30&quot;,&quot;initial_blur&quot;:&quot;0&quot;,&quot;end_blur&quot;:&quot;3&quot;,&quot;start_element&quot;:&quot;top&quot;,&quot;start_viewport&quot;:&quot;bottom&quot;,&quot;end_element&quot;:&quot;bottom&quot;,&quot;end_viewport&quot;:&quot;top&quot;,&quot;mouse_effect&quot;:&quot;track&quot;,&quot;mouse_effect_direction&quot;:&quot;opposite&quot;,&quot;mouse_effect_speed&quot;:&quot;2&quot;,&quot;infinite_animation&quot;:&quot;float&quot;,&quot;infinite_animation_speed&quot;:&quot;2&quot;}]\" data-scroll-devices=\"small-visibility,medium-visibility,large-visibility\"><div class=\"fusion-column-wrapper fusion-column-has-shadow fusion-flex-justify-content-center fusion-content-layout-column\"><div style=\"text-align:center;\"><a class=\"fusion-button button-flat fusion-button-default-size button-default fusion-button-default button-1 fusion-button-default-span fusion-button-default-type\" target=\"_self\" href=\"https:\/\/igoan.eu\/en\/contacto\/\"><span class=\"fusion-button-text\">Contact<\/span><\/a><\/div><\/div><\/div><\/div><\/div>","protected":false},"excerpt":{"rendered":"","protected":false},"author":1,"featured_media":0,"parent":0,"menu_order":0,"comment_status":"closed","ping_status":"closed","template":"100-width.php","meta":{"footnotes":""},"yoast_head":"<!-- This site is optimized with the Yoast SEO plugin v22.7 - https:\/\/yoast.com\/wordpress\/plugins\/seo\/ -->\n<title>Solicitud de contacto - igoan.eu<\/title>\n<meta name=\"robots\" content=\"index, follow, max-snippet:-1, max-image-preview:large, max-video-preview:-1\" \/>\n<link rel=\"canonical\" href=\"https:\/\/igoan.eu\/en\/inicio-v2\/\" \/>\n<meta property=\"og:locale\" content=\"en_GB\" \/>\n<meta property=\"og:type\" content=\"article\" \/>\n<meta property=\"og:title\" content=\"Solicitud de contacto - igoan.eu\" \/>\n<meta property=\"og:url\" content=\"https:\/\/igoan.eu\/en\/inicio-v2\/\" \/>\n<meta property=\"og:site_name\" content=\"igoan.eu\" \/>\n<meta property=\"article:modified_time\" content=\"2025-02-21T14:02:37+00:00\" \/>\n<meta name=\"twitter:card\" content=\"summary_large_image\" \/>\n<meta name=\"twitter:label1\" content=\"Estimated reading time\" \/>\n\t<meta name=\"twitter:data1\" content=\"1 minute\" \/>\n<script type=\"application\/ld+json\" class=\"yoast-schema-graph\">{\"@context\":\"https:\/\/schema.org\",\"@graph\":[{\"@type\":\"WebPage\",\"@id\":\"https:\/\/igoan.eu\/inicio-v2\/\",\"url\":\"https:\/\/igoan.eu\/inicio-v2\/\",\"name\":\"Solicitud de contacto - igoan.eu\",\"isPartOf\":{\"@id\":\"https:\/\/igoan.eu\/#website\"},\"datePublished\":\"2024-03-14T13:53:28+00:00\",\"dateModified\":\"2025-02-21T14:02:37+00:00\",\"breadcrumb\":{\"@id\":\"https:\/\/igoan.eu\/inicio-v2\/#breadcrumb\"},\"inLanguage\":\"en-GB\",\"potentialAction\":[{\"@type\":\"ReadAction\",\"target\":[\"https:\/\/igoan.eu\/inicio-v2\/\"]}]},{\"@type\":\"BreadcrumbList\",\"@id\":\"https:\/\/igoan.eu\/inicio-v2\/#breadcrumb\",\"itemListElement\":[{\"@type\":\"ListItem\",\"position\":1,\"name\":\"Portada\",\"item\":\"https:\/\/igoan.eu\/\"},{\"@type\":\"ListItem\",\"position\":2,\"name\":\"Solicitud de contacto\"}]},{\"@type\":\"WebSite\",\"@id\":\"https:\/\/igoan.eu\/#website\",\"url\":\"https:\/\/igoan.eu\/\",\"name\":\"igoan.eu\",\"description\":\"Soluciones innovadoras en refrigeraci\u00f3n industrial, movilidad sostenible y electr\u00f3nica avanzada, con un enfoque en la eficiencia energ\u00e9tica y el software libre.\",\"publisher\":{\"@id\":\"https:\/\/igoan.eu\/#organization\"},\"alternateName\":\"Igoan Ingenier\u00eda Sostenible\",\"potentialAction\":[{\"@type\":\"SearchAction\",\"target\":{\"@type\":\"EntryPoint\",\"urlTemplate\":\"https:\/\/igoan.eu\/?s={search_term_string}\"},\"query-input\":\"required name=search_term_string\"}],\"inLanguage\":\"en-GB\"},{\"@type\":\"Organization\",\"@id\":\"https:\/\/igoan.eu\/#organization\",\"name\":\"Igoan\",\"alternateName\":\"Igoan\",\"url\":\"https:\/\/igoan.eu\/\",\"logo\":{\"@type\":\"ImageObject\",\"inLanguage\":\"en-GB\",\"@id\":\"https:\/\/igoan.eu\/#\/schema\/logo\/image\/\",\"url\":\"https:\/\/igoan.eu\/wp-content\/uploads\/2024\/01\/Captura-de-pantalla-2024-01-22-a-las-11.57.28.png\",\"contentUrl\":\"https:\/\/igoan.eu\/wp-content\/uploads\/2024\/01\/Captura-de-pantalla-2024-01-22-a-las-11.57.28.png\",\"width\":418,\"height\":150,\"caption\":\"Igoan\"},\"image\":{\"@id\":\"https:\/\/igoan.eu\/#\/schema\/logo\/image\/\"}}]}<\/script>\n<!-- \/ Yoast SEO plugin. -->","yoast_head_json":{"title":"Solicitud de contacto - igoan.eu","robots":{"index":"index","follow":"follow","max-snippet":"max-snippet:-1","max-image-preview":"max-image-preview:large","max-video-preview":"max-video-preview:-1"},"canonical":"https:\/\/igoan.eu\/en\/inicio-v2\/","og_locale":"en_GB","og_type":"article","og_title":"Solicitud de contacto - igoan.eu","og_url":"https:\/\/igoan.eu\/en\/inicio-v2\/","og_site_name":"igoan.eu","article_modified_time":"2025-02-21T14:02:37+00:00","twitter_card":"summary_large_image","twitter_misc":{"Estimated reading time":"1 minute"},"schema":{"@context":"https:\/\/schema.org","@graph":[{"@type":"WebPage","@id":"https:\/\/igoan.eu\/inicio-v2\/","url":"https:\/\/igoan.eu\/inicio-v2\/","name":"Solicitud de contacto - igoan.eu","isPartOf":{"@id":"https:\/\/igoan.eu\/#website"},"datePublished":"2024-03-14T13:53:28+00:00","dateModified":"2025-02-21T14:02:37+00:00","breadcrumb":{"@id":"https:\/\/igoan.eu\/inicio-v2\/#breadcrumb"},"inLanguage":"en-GB","potentialAction":[{"@type":"ReadAction","target":["https:\/\/igoan.eu\/inicio-v2\/"]}]},{"@type":"BreadcrumbList","@id":"https:\/\/igoan.eu\/inicio-v2\/#breadcrumb","itemListElement":[{"@type":"ListItem","position":1,"name":"Portada","item":"https:\/\/igoan.eu\/"},{"@type":"ListItem","position":2,"name":"Solicitud de contacto"}]},{"@type":"WebSite","@id":"https:\/\/igoan.eu\/#website","url":"https:\/\/igoan.eu\/","name":"igoan.eu","description":"Soluciones innovadoras en refrigeraci\u00f3n industrial, movilidad sostenible y electr\u00f3nica avanzada, con un enfoque en la eficiencia energ\u00e9tica y el software libre.","publisher":{"@id":"https:\/\/igoan.eu\/#organization"},"alternateName":"Igoan Ingenier\u00eda Sostenible","potentialAction":[{"@type":"SearchAction","target":{"@type":"EntryPoint","urlTemplate":"https:\/\/igoan.eu\/?s={search_term_string}"},"query-input":"required name=search_term_string"}],"inLanguage":"en-GB"},{"@type":"Organization","@id":"https:\/\/igoan.eu\/#organization","name":"Igoan","alternateName":"Igoan","url":"https:\/\/igoan.eu\/","logo":{"@type":"ImageObject","inLanguage":"en-GB","@id":"https:\/\/igoan.eu\/#\/schema\/logo\/image\/","url":"https:\/\/igoan.eu\/wp-content\/uploads\/2024\/01\/Captura-de-pantalla-2024-01-22-a-las-11.57.28.png","contentUrl":"https:\/\/igoan.eu\/wp-content\/uploads\/2024\/01\/Captura-de-pantalla-2024-01-22-a-las-11.57.28.png","width":418,"height":150,"caption":"Igoan"},"image":{"@id":"https:\/\/igoan.eu\/#\/schema\/logo\/image\/"}}]}},"_links":{"self":[{"href":"https:\/\/igoan.eu\/en\/wp-json\/wp\/v2\/pages\/407"}],"collection":[{"href":"https:\/\/igoan.eu\/en\/wp-json\/wp\/v2\/pages"}],"about":[{"href":"https:\/\/igoan.eu\/en\/wp-json\/wp\/v2\/types\/page"}],"author":[{"embeddable":true,"href":"https:\/\/igoan.eu\/en\/wp-json\/wp\/v2\/users\/1"}],"replies":[{"embeddable":true,"href":"https:\/\/igoan.eu\/en\/wp-json\/wp\/v2\/comments?post=407"}],"version-history":[{"count":2,"href":"https:\/\/igoan.eu\/en\/wp-json\/wp\/v2\/pages\/407\/revisions"}],"predecessor-version":[{"id":626,"href":"https:\/\/igoan.eu\/en\/wp-json\/wp\/v2\/pages\/407\/revisions\/626"}],"wp:attachment":[{"href":"https:\/\/igoan.eu\/en\/wp-json\/wp\/v2\/media?parent=407"}],"curies":[{"name":"wp","href":"https:\/\/api.w.org\/{rel}","templated":true}]}}